{"id":2384,"date":"2025-09-25T09:21:34","date_gmt":"2025-09-25T09:21:34","guid":{"rendered":"https:\/\/geckotours-lapalma.com\/vakantiewoningen\/"},"modified":"2026-02-02T12:41:08","modified_gmt":"2026-02-02T12:41:08","slug":"maisons-de-vacances","status":"publish","type":"page","link":"https:\/\/geckotours-lapalma.com\/fr\/maisons-de-vacances\/","title":{"rendered":"Maisons de Vacances"},"content":{"rendered":"\n<div class=\"wp-block-uagb-container uagb-block-3bb7dccc alignfull uagb-is-root-container\"><div class=\"uagb-container-inner-blocks-wrap\">\n<h1>Maisons de vacances \u00e0 La Palma<\/h1>\n<h2>S\u00e9jours confortables avec vues panoramiques<\/h2>\n<p>Pour un s\u00e9jour confortable et relaxant \u00e0 La Palma, nous proposons \u00e9galement de superbes locations de vacances. Nos logements sont enti\u00e8rement \u00e9quip\u00e9s et situ\u00e9s dans les plus beaux endroits de l\u2019\u00eele. Que vous voyagiez seul, en couple ou en famille, nous avons la maison id\u00e9ale pour vous. Profitez de tout le confort de votre foyer tout en d\u00e9couvrant la beaut\u00e9 de La Palma.<\/p>\n\n\n<div class=\"wp-block-uagb-loop-builder uagb-block-ec2c6366      alignwide\" data-block_id=\"ec2c6366\"  style=\"\"><div id=\"uagb-block-queryid-1\" data-query-id=\"1\" class=\"uagb-loop-container uagb-block-103348a1     \" style=\"\"><div class=\"uagb-loop-post\"><div class=\"uagb-loop-post-inner\">\n\n<div class=\"wp-block-uagb-container uagb-block-e7015e73 alignfull uagb-is-root-container\">\n<div class=\"wp-block-uagb-image uagb-block-654865d0 wp-block-uagb-image--layout-default wp-block-uagb-image--effect-static wp-block-uagb-image--align-none\"><figure class=\"wp-block-uagb-image__figure\"><img decoding=\"async\"  sizes=\"auto, (max-width: 480px) 150px\" src=\"https:\/\/geckotours-lapalma.com\/wp-content\/plugins\/spectra-pro\/assets\/images\/placeholder.png\" alt=\"Placeholder\" width=\"1200\" height=\"200\" title=\"\" loading=\"lazy\" role=\"img\"\/><\/figure><\/div>\n\n\n\n<div class=\"wp-block-uagb-advanced-heading uagb-block-1c01a806\"><h5 class=\"uagb-heading-text\"><span data-spectra-dc-field=\"current_post|post_title\" data-spectra-dc-link=\"post_permalink|post_permalink\" class=\"uag-pro-dynamic-content\" data-rich-text-format-boundary=\"true\">Loading\u2026<\/span><\/h5><\/div>\n\n\n\n<div class=\"wp-block-uagb-advanced-heading uagb-block-acd875f0\"><p class=\"uagb-heading-text\"><span data-spectra-dc-field=\"current_post|post_excerpt\" class=\"uag-pro-dynamic-content\" data-rich-text-format-boundary=\"true\">Loading\u2026<\/span><\/p><\/div>\n\n\n\n<div class=\"wp-block-uagb-buttons uagb-buttons__outer-wrap uagb-btn__default-btn uagb-btn-tablet__default-btn uagb-btn-mobile__default-btn uagb-block-8590147b\"><div class=\"uagb-buttons__wrap uagb-buttons-layout-wrap \">\n<div class=\"wp-block-uagb-buttons-child uagb-buttons__outer-wrap uagb-block-03175308 wp-block-button\"><div class=\"uagb-button__wrapper\"><a class=\"uagb-buttons-repeater wp-block-button__link\" aria-label=\"\" href=\"#\" rel=\"follow noopener\" target=\"_self\" role=\"button\"><div class=\"uagb-button__link\">Plus d&rsquo;informations et r\u00e9servations<\/div><\/a><\/div><\/div>\n<\/div><\/div>\n<\/div>\n\n<\/div><\/div><div class=\"uagb-loop-post\"><div class=\"uagb-loop-post-inner\">\n\n<div class=\"wp-block-uagb-container uagb-block-e7015e73 alignfull uagb-is-root-container\">\n<div class=\"wp-block-uagb-image uagb-block-654865d0 wp-block-uagb-image--layout-default wp-block-uagb-image--effect-static wp-block-uagb-image--align-none\"><figure class=\"wp-block-uagb-image__figure\"><img decoding=\"async\"  sizes=\"auto, (max-width: 480px) 150px\" src=\"https:\/\/geckotours-lapalma.com\/wp-content\/plugins\/spectra-pro\/assets\/images\/placeholder.png\" alt=\"Placeholder\" width=\"1200\" height=\"200\" title=\"\" loading=\"lazy\" role=\"img\"\/><\/figure><\/div>\n\n\n\n<div class=\"wp-block-uagb-advanced-heading uagb-block-1c01a806\"><h5 class=\"uagb-heading-text\"><span data-spectra-dc-field=\"current_post|post_title\" data-spectra-dc-link=\"post_permalink|post_permalink\" class=\"uag-pro-dynamic-content\" data-rich-text-format-boundary=\"true\">Loading\u2026<\/span><\/h5><\/div>\n\n\n\n<div class=\"wp-block-uagb-advanced-heading uagb-block-acd875f0\"><p class=\"uagb-heading-text\"><span data-spectra-dc-field=\"current_post|post_excerpt\" class=\"uag-pro-dynamic-content\" data-rich-text-format-boundary=\"true\">Loading\u2026<\/span><\/p><\/div>\n\n\n\n<div class=\"wp-block-uagb-buttons uagb-buttons__outer-wrap uagb-btn__default-btn uagb-btn-tablet__default-btn uagb-btn-mobile__default-btn uagb-block-8590147b\"><div class=\"uagb-buttons__wrap uagb-buttons-layout-wrap \">\n<div class=\"wp-block-uagb-buttons-child uagb-buttons__outer-wrap uagb-block-03175308 wp-block-button\"><div class=\"uagb-button__wrapper\"><a class=\"uagb-buttons-repeater wp-block-button__link\" aria-label=\"\" href=\"#\" rel=\"follow noopener\" target=\"_self\" role=\"button\"><div class=\"uagb-button__link\">Plus d&rsquo;informations et r\u00e9servations<\/div><\/a><\/div><\/div>\n<\/div><\/div>\n<\/div>\n\n<\/div><\/div><\/div><\/div>\n\n\n<p><\/p>\n<\/div><\/div>\n","protected":false},"excerpt":{"rendered":"<p>Maisons de vacances \u00e0 La Palma S\u00e9jours confortables avec vues panoramiques Pour un s\u00e9jour confortable et relaxant \u00e0 La Palma, nous proposons \u00e9galement de superbes locations de vacances. Nos logements sont enti\u00e8rement \u00e9quip\u00e9s et situ\u00e9s dans les plus beaux endroits de l\u2019\u00eele. Que vous voyagiez seul, en couple ou en famille, nous avons la maison [&hellip;]<\/p>\n","protected":false},"author":2,"featured_media":0,"parent":0,"menu_order":0,"comment_status":"closed","ping_status":"closed","template":"","meta":{"_uag_custom_page_level_css":"","site-sidebar-layout":"default","site-content-layout":"","ast-site-content-layout":"default","site-content-style":"default","site-sidebar-style":"default","ast-global-header-display":"","ast-banner-title-visibility":"","ast-main-header-display":"","ast-hfb-above-header-display":"","ast-hfb-below-header-display":"","ast-hfb-mobile-header-display":"","site-post-title":"disabled","ast-breadcrumbs-content":"","ast-featured-img":"","footer-sml-layout":"","ast-disable-related-posts":"","theme-transparent-header-meta":"","adv-header-id-meta":"","stick-header-meta":"","header-above-stick-meta":"","header-main-stick-meta":"","header-below-stick-meta":"","astra-migrate-meta-layouts":"set","ast-page-background-enabled":"default","ast-page-background-meta":{"desktop":{"background-color":"var(--ast-global-color-4)","background-image":"","background-repeat":"repeat","background-position":"center center","background-size":"auto","background-attachment":"scroll","background-type":"","background-media":"","overlay-type":"","overlay-color":"","overlay-opacity":"","overlay-gradient":""},"tablet":{"background-color":"","background-image":"","background-repeat":"repeat","background-position":"center center","background-size":"auto","background-attachment":"scroll","background-type":"","background-media":"","overlay-type":"","overlay-color":"","overlay-opacity":"","overlay-gradient":""},"mobile":{"background-color":"","background-image":"","background-repeat":"repeat","background-position":"center center","background-size":"auto","background-attachment":"scroll","background-type":"","background-media":"","overlay-type":"","overlay-color":"","overlay-opacity":"","overlay-gradient":""}},"ast-content-background-meta":{"desktop":{"background-color":"var(--ast-global-color-5)","background-image":"","background-repeat":"repeat","background-position":"center center","background-size":"auto","background-attachment":"scroll","background-type":"","background-media":"","overlay-type":"","overlay-color":"","overlay-opacity":"","overlay-gradient":""},"tablet":{"background-color":"var(--ast-global-color-5)","background-image":"","background-repeat":"repeat","background-position":"center center","background-size":"auto","background-attachment":"scroll","background-type":"","background-media":"","overlay-type":"","overlay-color":"","overlay-opacity":"","overlay-gradient":""},"mobile":{"background-color":"var(--ast-global-color-5)","background-image":"","background-repeat":"repeat","background-position":"center center","background-size":"auto","background-attachment":"scroll","background-type":"","background-media":"","overlay-type":"","overlay-color":"","overlay-opacity":"","overlay-gradient":""}},"footnotes":""},"class_list":["post-2384","page","type-page","status-publish","hentry"],"spectra_custom_meta":{"_wpml_word_count":["81"],"_wpml_media_duplicate":["0"],"_wpml_media_featured":["0"],"_wpml_location_migration_done":["1"],"_yoast_wpseo_estimated-reading-time-minutes":["1"],"_yoast_wpseo_wordproof_timestamp":[""],"astra_style_timestamp_css":["1669632934"],"footnotes":[""],"_uag_custom_page_level_css":[""],"ast-site-content-layout":["default"],"site-post-title":["disabled"],"theme-transparent-header-meta":[""],"adv-header-id-meta":[""],"stick-header-meta":[""],"astra-migrate-meta-layouts":["set"],"_yoast_wpseo_content_score":["90"],"ast-above-header-display":[""],"ast-below-header-display":[""],"site-content-layout":[""],"footer-adv-display":[""],"ast-breadcrumbs-content":[""],"copied_media_ids":["a:0:{}"],"referenced_media_ids":["a:0:{}"],"_edit_lock":["1770036080:5"],"_last_translation_edit_mode":["native-editor"],"_edit_last":["5"],"_wp_page_template":[""],"rank_math_news_sitemap_robots":["index"],"rank_math_robots":["a:1:{i:0;s:5:\"index\";}"],"rank_math_internal_links_processed":["1"],"rank_math_seo_score":["58"],"rank_math_focus_keyword":["Maisons de vacances \u00e0 La Palma"],"rank_math_title":["Maisons de vacances \u00e0 La Palma %page% %sep% %sitename%"],"rank_math_description":["Trouvez votre maison de vacances id\u00e9ale \u00e0 La Palma \u2014 confort moderne, vues spectaculaires sur l\u2019oc\u00e9an et acc\u00e8s facile aux plages et attractions."],"rank_math_analytic_object_id":["5"],"_uag_page_assets":["a:9:{s:3:\"css\";s:11369:\".wp-block-uagb-container.uagb-block-e7015e73 .uagb-container__shape-top svg{width: calc( 100% + 1.3px );}.wp-block-uagb-container.uagb-block-e7015e73 .uagb-container__shape.uagb-container__shape-top .uagb-container__shape-fill{fill: rgba(51,51,51,1);}.wp-block-uagb-container.uagb-block-e7015e73 .uagb-container__shape-bottom svg{width: calc( 100% + 1.3px );}.wp-block-uagb-container.uagb-block-e7015e73 .uagb-container__shape.uagb-container__shape-bottom .uagb-container__shape-fill{fill: rgba(51,51,51,1);}.wp-block-uagb-container.uagb-block-e7015e73 .uagb-container__video-wrap video{opacity: 1;}.wp-block-uagb-container.uagb-is-root-container .uagb-block-e7015e73{max-width: 100%;width: 100%;}.wp-block-uagb-container.uagb-block-e7015e73{box-shadow: 0px 18px 40px -10px #00000070 ;padding-top: 10px;padding-bottom: 10px;padding-left: 10px;padding-right: 10px;margin-top:  !important;margin-bottom:  !important;overflow: visible;order: initial;border-top-left-radius: 10px;border-top-right-radius: 10px;border-bottom-left-radius: 10px;border-bottom-right-radius: 10px;border-style: solid;border-color: var(--ast-global-color-6);flex-direction: column;align-items: flex-start;justify-content: flex-start;flex-wrap: nowrap;row-gap: 0px;column-gap: 20px;}.uagb-block-654865d0.wp-block-uagb-image{margin-top: 0px;margin-right: 0px;margin-bottom: 20px;margin-left: 0px;}.uagb-block-654865d0.wp-block-uagb-image--layout-default figure img{box-shadow: 0px 0px 0 #00000070;}.uagb-block-654865d0.wp-block-uagb-image .wp-block-uagb-image__figure figcaption{font-style: normal;align-self: center;}.uagb-block-654865d0.wp-block-uagb-image--layout-overlay figure img{box-shadow: 0px 0px 0 #00000070;}.uagb-block-654865d0.wp-block-uagb-image--layout-overlay .wp-block-uagb-image--layout-overlay__color-wrapper{opacity: 0.2;}.uagb-block-654865d0.wp-block-uagb-image--layout-overlay .wp-block-uagb-image--layout-overlay__inner{left: 15px;right: 15px;top: 15px;bottom: 15px;}.uagb-block-654865d0.wp-block-uagb-image--layout-overlay .wp-block-uagb-image--layout-overlay__inner .uagb-image-heading{font-style: normal;color: #fff;opacity: 1;}.uagb-block-654865d0.wp-block-uagb-image--layout-overlay .wp-block-uagb-image--layout-overlay__inner .uagb-image-heading a{color: #fff;}.uagb-block-654865d0.wp-block-uagb-image--layout-overlay .wp-block-uagb-image--layout-overlay__inner .uagb-image-caption{opacity: 0;}.uagb-block-654865d0.wp-block-uagb-image--layout-overlay .wp-block-uagb-image__figure:hover .wp-block-uagb-image--layout-overlay__color-wrapper{opacity: 1;}.uagb-block-654865d0.wp-block-uagb-image .wp-block-uagb-image--layout-overlay__inner .uagb-image-separator{width: 30%;border-top-width: 2px;border-top-color: #fff;opacity: 0;}.uagb-block-654865d0.wp-block-uagb-image .wp-block-uagb-image__figure img{object-fit: cover;width: 1200px;height: 200px;}.uagb-block-654865d0.wp-block-uagb-image .wp-block-uagb-image__figure:hover .wp-block-uagb-image--layout-overlay__inner .uagb-image-caption{opacity: 1;}.uagb-block-654865d0.wp-block-uagb-image .wp-block-uagb-image__figure:hover .wp-block-uagb-image--layout-overlay__inner .uagb-image-separator{opacity: 1;}.uagb-block-654865d0.wp-block-uagb-image--layout-default figure:hover img{box-shadow: 0px 0px 0 #00000070;}.uagb-block-654865d0.wp-block-uagb-image--layout-overlay figure:hover img{box-shadow: 0px 0px 0 #00000070;}.wp-block-uagb-advanced-heading.uagb-block-1c01a806.wp-block-uagb-advanced-heading {padding-top: 8px;padding-right: 0px;padding-bottom: 8px;padding-left: 0px;}.wp-block-uagb-advanced-heading.uagb-block-1c01a806.wp-block-uagb-advanced-heading a{color: var(--ast-global-color-0);}.wp-block-uagb-advanced-heading.uagb-block-1c01a806.wp-block-uagb-advanced-heading .uagb-desc-text{margin-bottom: 15px;}.wp-block-uagb-advanced-heading.uagb-block-1c01a806.wp-block-uagb-advanced-heading .uagb-highlight{font-style: normal;font-weight: Default;background: #007cba;color: #fff;-webkit-text-fill-color: #fff;}.wp-block-uagb-advanced-heading.uagb-block-1c01a806.wp-block-uagb-advanced-heading .uagb-highlight::-moz-selection{color: #fff;background: #007cba;-webkit-text-fill-color: #fff;}.wp-block-uagb-advanced-heading.uagb-block-1c01a806.wp-block-uagb-advanced-heading .uagb-highlight::selection{color: #fff;background: #007cba;-webkit-text-fill-color: #fff;}.wp-block-uagb-advanced-heading.uagb-block-acd875f0.wp-block-uagb-advanced-heading {margin-bottom: 0px;padding-bottom: 0px;}.wp-block-uagb-advanced-heading.uagb-block-acd875f0.wp-block-uagb-advanced-heading .uagb-desc-text{margin-bottom: 15px;}.wp-block-uagb-advanced-heading.uagb-block-acd875f0.wp-block-uagb-advanced-heading .uagb-highlight{font-style: normal;font-weight: Default;background: #007cba;color: #fff;-webkit-text-fill-color: #fff;}.wp-block-uagb-advanced-heading.uagb-block-acd875f0.wp-block-uagb-advanced-heading .uagb-highlight::-moz-selection{color: #fff;background: #007cba;-webkit-text-fill-color: #fff;}.wp-block-uagb-advanced-heading.uagb-block-acd875f0.wp-block-uagb-advanced-heading .uagb-highlight::selection{color: #fff;background: #007cba;-webkit-text-fill-color: #fff;}.uagb-block-8590147b.wp-block-uagb-buttons.uagb-buttons__outer-wrap .uagb-buttons__wrap {gap: 10px;}.uagb-block-8590147b.uagb-buttons__outer-wrap .uagb-buttons__wrap {justify-content: left;align-items: center;}.uagb-block-8590147b .uagb-button__wrapper{margin-top: 24px;margin-bottom: 0px;margin-left: 0px;margin-right: 0px;}.wp-block-uagb-buttons .uagb-block-03175308 .uagb-button__wrapper  .uagb-buttons-repeater.wp-block-button__link{box-shadow: 0px 0px 0 #00000026;}.wp-block-uagb-buttons .uagb-block-03175308 .uagb-buttons-repeater .uagb-button__icon > svg{width: 15px;height: 15px;fill: #0170b9;}.wp-block-uagb-buttons .uagb-block-03175308 .uagb-buttons-repeater:hover .uagb-button__icon > svg{fill: var(--ast-global-color-0);}.wp-block-uagb-buttons .uagb-block-03175308 .uagb-buttons-repeater:focus .uagb-button__icon > svg{fill: var(--ast-global-color-0);}.wp-block-uagb-buttons .uagb-block-03175308 .uagb-buttons-repeater .uagb-button__icon-position-after{margin-left: 12px;}.wp-block-uagb-buttons .uagb-block-03175308 .uagb-buttons-repeater .uagb-button__icon-position-before{margin-right: 12px;}@media only screen and (max-width: 976px) {.wp-block-uagb-container.uagb-is-root-container .uagb-block-e7015e73{width: 100%;}.wp-block-uagb-container.uagb-block-e7015e73{padding-top: 0px;padding-bottom: 0px;padding-left: 0px;padding-right: 0px;margin-top:  !important;margin-bottom:  !important;order: initial;border-style: solid;border-color: var(--ast-global-color-6);align-items: flex-start;justify-content: flex-start;}.uagb-block-654865d0.wp-block-uagb-image .wp-block-uagb-image__figure img{width: 1200px;height: auto;}.uagb-block-8590147b.uagb-buttons__outer-wrap .uagb-buttons__wrap {justify-content: left;align-items: center;}.uagb-block-8590147b.uagb-buttons__outer-wrap .uagb-buttons__wrap .wp-block-button{width: auto;}}@media only screen and (max-width: 767px) {.wp-block-uagb-container.uagb-is-root-container .uagb-block-e7015e73{max-width: 100%;width: 100%;}.wp-block-uagb-container.uagb-block-e7015e73{padding-top: 0px;padding-bottom: 0px;padding-left: 0px;padding-right: 0px;margin-top:  !important;margin-bottom:  !important;order: initial;border-style: solid;border-color: var(--ast-global-color-6);align-items: flex-start;justify-content: flex-start;flex-wrap: wrap;}.uagb-block-654865d0.wp-block-uagb-image .wp-block-uagb-image__figure img{width: 600px;height: 300px;}.wp-block-uagb-advanced-heading.uagb-block-1c01a806.wp-block-uagb-advanced-heading {padding-top: 8px;padding-right: 8px;padding-bottom: 8px;padding-left: 8px;}.wp-block-uagb-advanced-heading.uagb-block-acd875f0.wp-block-uagb-advanced-heading {padding-top: 8px;padding-right: 8px;padding-bottom: 8px;padding-left: 8px;}.uagb-block-8590147b.uagb-buttons__outer-wrap .uagb-buttons__wrap {justify-content: left;align-items: center;}.uagb-block-8590147b.uagb-buttons__outer-wrap .uagb-buttons__wrap .wp-block-button{width: auto;}.uagb-block-8590147b .uagb-buttons-repeater:not(.wp-block-button__link){padding-top: 8px;padding-bottom: 8px;padding-left: 8px;padding-right: 8px;}.uagb-block-8590147b .uagb-buttons-repeater.wp-block-button__link{padding-top: 8px;padding-bottom: 8px;padding-left: 8px;padding-right: 8px;}.uagb-block-8590147b .uagb-button__wrapper{margin-top: 0px;margin-bottom: 20px;margin-left: 8px;margin-right: 0px;}}.wp-block-uagb-container.uagb-block-3bb7dccc .uagb-container__shape-top svg{width: calc( 100% + 1.3px );}.wp-block-uagb-container.uagb-block-3bb7dccc .uagb-container__shape.uagb-container__shape-top .uagb-container__shape-fill{fill: rgba(51,51,51,1);}.wp-block-uagb-container.uagb-block-3bb7dccc .uagb-container__shape-bottom svg{width: calc( 100% + 1.3px );}.wp-block-uagb-container.uagb-block-3bb7dccc .uagb-container__shape.uagb-container__shape-bottom .uagb-container__shape-fill{fill: rgba(51,51,51,1);}.wp-block-uagb-container.uagb-block-3bb7dccc .uagb-container__video-wrap video{opacity: 1;}.wp-block-uagb-container.uagb-is-root-container .uagb-block-3bb7dccc{max-width: 100%;width: 100%;}.wp-block-uagb-container.uagb-is-root-container.alignfull.uagb-block-3bb7dccc > .uagb-container-inner-blocks-wrap{--inner-content-custom-width: min( 100%, 1150px);max-width: var(--inner-content-custom-width);width: 100%;flex-direction: column;align-items: flex-start;justify-content: flex-start;flex-wrap: nowrap;row-gap: 0px;column-gap: 0px;}.wp-block-uagb-container.uagb-block-3bb7dccc{box-shadow: 0px 0px   #00000070 ;padding-top: 10px;padding-bottom: 10px;padding-left: 10px;padding-right: 10px;margin-top:  !important;margin-bottom:  !important;overflow: visible;order: initial;border-color: inherit;row-gap: 0px;column-gap: 0px;}.uagb-block-103348a1.uagb-loop-container{flex-direction: row;gap: 24px;}.uagb-block-103348a1.uagb-loop-container > .uagb-loop-post{width: calc( calc(100% - 2 * 24px ) \/ 3 );}@media only screen and (max-width: 976px) {.wp-block-uagb-container.uagb-is-root-container .uagb-block-3bb7dccc{width: 100%;}.wp-block-uagb-container.uagb-is-root-container.alignfull.uagb-block-3bb7dccc > .uagb-container-inner-blocks-wrap{--inner-content-custom-width: min( 100%, 1024px);max-width: var(--inner-content-custom-width);width: 100%;}.wp-block-uagb-container.uagb-block-3bb7dccc{padding-top: 10px;padding-bottom: 10px;padding-left: 10px;padding-right: 10px;margin-top:  !important;margin-bottom:  !important;order: initial;}.uagb-block-103348a1.uagb-loop-container{flex-direction: row;gap: 24px;}.uagb-block-103348a1.uagb-loop-container > .uagb-loop-post{width: calc( calc(100% - 1 * 24px ) \/ 2 );}}@media only screen and (max-width: 767px) {.wp-block-uagb-container.uagb-is-root-container .uagb-block-3bb7dccc{max-width: 100%;width: 100%;}.wp-block-uagb-container.uagb-is-root-container.alignfull.uagb-block-3bb7dccc > .uagb-container-inner-blocks-wrap{--inner-content-custom-width: min( 100%, 767px);max-width: var(--inner-content-custom-width);width: 100%;flex-wrap: wrap;}.wp-block-uagb-container.uagb-block-3bb7dccc{padding-top: 10px;padding-bottom: 10px;padding-left: 10px;padding-right: 10px;margin-top:  !important;margin-bottom:  !important;order: initial;}.uagb-block-103348a1.uagb-loop-container{flex-direction: column;gap: 32px;}.uagb-block-103348a1.uagb-loop-container > .uagb-loop-post{width: 100%;}}\";s:2:\"js\";s:161:\"document.addEventListener(\"DOMContentLoaded\", function(){ window.addEventListener( 'load', function() {\n\tUAGBButtonChild.init( '.uagb-block-03175308' );\n});\n });\";s:18:\"current_block_list\";a:9:{i:0;s:14:\"uagb\/container\";i:1;s:13:\"core\/freeform\";i:2;s:17:\"uagb\/loop-builder\";i:3;s:17:\"uagb\/loop-wrapper\";i:5;s:10:\"uagb\/image\";i:6;s:21:\"uagb\/advanced-heading\";i:7;s:12:\"uagb\/buttons\";i:8;s:18:\"uagb\/buttons-child\";i:9;s:14:\"core\/paragraph\";}s:8:\"uag_flag\";b:1;s:11:\"uag_version\";s:10:\"1776298097\";s:6:\"gfonts\";a:0:{}s:10:\"gfonts_url\";s:0:\"\";s:12:\"gfonts_files\";a:0:{}s:14:\"uag_faq_layout\";b:0;}"]},"uagb_featured_image_src":{"full":false,"thumbnail":false,"medium":false,"medium_large":false,"large":false,"1536x1536":false,"2048x2048":false},"uagb_author_info":{"display_name":"itlapalma","author_link":"https:\/\/geckotours-lapalma.com\/fr\/author\/itlapalma\/"},"uagb_comment_info":0,"uagb_excerpt":"Maisons de vacances \u00e0 La Palma S\u00e9jours confortables avec vues panoramiques Pour un s\u00e9jour confortable et relaxant \u00e0 La Palma, nous proposons \u00e9galement de superbes locations de vacances. Nos logements sont enti\u00e8rement \u00e9quip\u00e9s et situ\u00e9s dans les plus beaux endroits de l\u2019\u00eele. Que vous voyagiez seul, en couple ou en famille, nous avons la maison\u2026","ase":null,"_links":{"self":[{"href":"https:\/\/geckotours-lapalma.com\/fr\/wp-json\/wp\/v2\/pages\/2384","targetHints":{"allow":["GET"]}}],"collection":[{"href":"https:\/\/geckotours-lapalma.com\/fr\/wp-json\/wp\/v2\/pages"}],"about":[{"href":"https:\/\/geckotours-lapalma.com\/fr\/wp-json\/wp\/v2\/types\/page"}],"author":[{"embeddable":true,"href":"https:\/\/geckotours-lapalma.com\/fr\/wp-json\/wp\/v2\/users\/2"}],"replies":[{"embeddable":true,"href":"https:\/\/geckotours-lapalma.com\/fr\/wp-json\/wp\/v2\/comments?post=2384"}],"version-history":[{"count":3,"href":"https:\/\/geckotours-lapalma.com\/fr\/wp-json\/wp\/v2\/pages\/2384\/revisions"}],"predecessor-version":[{"id":2872,"href":"https:\/\/geckotours-lapalma.com\/fr\/wp-json\/wp\/v2\/pages\/2384\/revisions\/2872"}],"wp:attachment":[{"href":"https:\/\/geckotours-lapalma.com\/fr\/wp-json\/wp\/v2\/media?parent=2384"}],"curies":[{"name":"wp","href":"https:\/\/api.w.org\/{rel}","templated":true}]}}