{"id":2371,"date":"2025-03-18T08:31:36","date_gmt":"2025-03-18T08:31:36","guid":{"rendered":"https:\/\/geckotours-lapalma.com\/over-ons\/"},"modified":"2026-02-02T12:43:45","modified_gmt":"2026-02-02T12:43:45","slug":"a-propos-de-nous","status":"publish","type":"page","link":"https:\/\/geckotours-lapalma.com\/fr\/a-propos-de-nous\/","title":{"rendered":"\u00c0 propos de nous"},"content":{"rendered":"\n<div class=\"wp-block-uagb-container uagb-block-3bb7dccc alignfull uagb-is-root-container\"><div class=\"uagb-container-inner-blocks-wrap\">\n<h1>\u00c0 propos de Gecko Tours La Palma<\/h1>\n<h2>Gecko Tours La Palma.\u00a0 \u00c9quipe\u00a0 passionn\u00e9e par le voyage et la nature<\/h2>\n<p>Gecko Tours a \u00e9t\u00e9 fond\u00e9e avec la passion de partager la beaut\u00e9 et la diversit\u00e9 de La Palma avec les voyageurs en qu\u00eate d\u2019aventure. Notre \u00e9quipe est compos\u00e9e de guides exp\u00e9riment\u00e9s qui connaissent l\u2019\u00eele comme leur jardin et sont heureux de vous emmener dans des aventures inoubliables.<\/p>\n<h3>Notre Mission<\/h3>\n<p>Notre mission est d\u2019offrir \u00e0 nos clients une exp\u00e9rience unique et inoubliable, tout en respectant et prot\u00e9geant la nature et la culture de La Palma. Nous sommes engag\u00e9s en faveur du tourisme durable et collaborons avec les communaut\u00e9s locales pour pr\u00e9server l\u2019\u00eele pour les g\u00e9n\u00e9rations futures.<\/p>\n<h3>\u00c0 propos de Rob \u2013 Anthropologue Belge, Guide &amp; Passionn\u00e9 de Nature<\/h3>\n<p>Rencontrez Rob, un anthropologue belge avec plus de 20 ans d\u2019exp\u00e9rience en tant que guide de randonn\u00e9e et organisateur de voyages. Sa passion pour la nature et le plein air a toujours \u00e9t\u00e9 le moteur de sa vie et de sa carri\u00e8re.<\/p>\n<p>Pendant ses \u00e9tudes, Rob a beaucoup voyag\u00e9, d\u00e9veloppant un profond amour pour les paysages naturels et une fascination durable pour La Palma. Au fil des ans, son lien avec l\u2019\u00eele n\u2019a fait que se renforcer.<\/p>\n<p>Rob poss\u00e8de les licences n\u00e9cessaires pour \u00eatre guide de randonn\u00e9e et parle couramment le n\u00e9erlandais, l\u2019anglais, l\u2019allemand, l\u2019espagnol et le fran\u00e7ais, offrant des exp\u00e9riences personnalis\u00e9es et inoubliables aux voyageurs du monde entier. Avec Rob, chaque aventure allie expertise, passion et v\u00e9ritable appr\u00e9ciation de la beaut\u00e9 de la nature.<\/p>\n<\/div><\/div>\n","protected":false},"excerpt":{"rendered":"<p>\u00c0 propos de Gecko Tours La Palma Gecko Tours La Palma.\u00a0 \u00c9quipe\u00a0 passionn\u00e9e par le voyage et la nature Gecko Tours a \u00e9t\u00e9 fond\u00e9e avec la passion de partager la beaut\u00e9 et la diversit\u00e9 de La Palma avec les voyageurs en qu\u00eate d\u2019aventure. Notre \u00e9quipe est compos\u00e9e de guides exp\u00e9riment\u00e9s qui connaissent l\u2019\u00eele comme leur [&hellip;]<\/p>\n","protected":false},"author":2,"featured_media":0,"parent":0,"menu_order":0,"comment_status":"closed","ping_status":"closed","template":"","meta":{"_uag_custom_page_level_css":"","site-sidebar-layout":"default","site-content-layout":"","ast-site-content-layout":"default","site-content-style":"default","site-sidebar-style":"default","ast-global-header-display":"","ast-banner-title-visibility":"","ast-main-header-display":"","ast-hfb-above-header-display":"","ast-hfb-below-header-display":"","ast-hfb-mobile-header-display":"","site-post-title":"disabled","ast-breadcrumbs-content":"","ast-featured-img":"","footer-sml-layout":"","ast-disable-related-posts":"","theme-transparent-header-meta":"","adv-header-id-meta":"","stick-header-meta":"","header-above-stick-meta":"","header-main-stick-meta":"","header-below-stick-meta":"","astra-migrate-meta-layouts":"set","ast-page-background-enabled":"default","ast-page-background-meta":{"desktop":{"background-color":"var(--ast-global-color-4)","background-image":"","background-repeat":"repeat","background-position":"center center","background-size":"auto","background-attachment":"scroll","background-type":"","background-media":"","overlay-type":"","overlay-color":"","overlay-opacity":"","overlay-gradient":""},"tablet":{"background-color":"","background-image":"","background-repeat":"repeat","background-position":"center center","background-size":"auto","background-attachment":"scroll","background-type":"","background-media":"","overlay-type":"","overlay-color":"","overlay-opacity":"","overlay-gradient":""},"mobile":{"background-color":"","background-image":"","background-repeat":"repeat","background-position":"center center","background-size":"auto","background-attachment":"scroll","background-type":"","background-media":"","overlay-type":"","overlay-color":"","overlay-opacity":"","overlay-gradient":""}},"ast-content-background-meta":{"desktop":{"background-color":"var(--ast-global-color-5)","background-image":"","background-repeat":"repeat","background-position":"center center","background-size":"auto","background-attachment":"scroll","background-type":"","background-media":"","overlay-type":"","overlay-color":"","overlay-opacity":"","overlay-gradient":""},"tablet":{"background-color":"var(--ast-global-color-5)","background-image":"","background-repeat":"repeat","background-position":"center center","background-size":"auto","background-attachment":"scroll","background-type":"","background-media":"","overlay-type":"","overlay-color":"","overlay-opacity":"","overlay-gradient":""},"mobile":{"background-color":"var(--ast-global-color-5)","background-image":"","background-repeat":"repeat","background-position":"center center","background-size":"auto","background-attachment":"scroll","background-type":"","background-media":"","overlay-type":"","overlay-color":"","overlay-opacity":"","overlay-gradient":""}},"footnotes":""},"class_list":["post-2371","page","type-page","status-publish","hentry"],"spectra_custom_meta":{"_wpml_word_count":["273"],"_wpml_media_duplicate":["0"],"_wpml_media_featured":["0"],"_wpml_location_migration_done":["1"],"_yoast_wpseo_estimated-reading-time-minutes":["2"],"_yoast_wpseo_wordproof_timestamp":[""],"astra_style_timestamp_css":["1669632934"],"footnotes":[""],"_uag_custom_page_level_css":[""],"ast-site-content-layout":["default"],"site-post-title":["disabled"],"theme-transparent-header-meta":[""],"adv-header-id-meta":[""],"stick-header-meta":[""],"astra-migrate-meta-layouts":["set"],"_yoast_wpseo_content_score":["30"],"copied_media_ids":["a:0:{}"],"referenced_media_ids":["a:0:{}"],"_edit_lock":["1770036308:5"],"_last_translation_edit_mode":["native-editor"],"_edit_last":["5"],"_wp_page_template":[""],"rank_math_news_sitemap_robots":["index"],"rank_math_robots":["a:1:{i:0;s:5:\"index\";}"],"rank_math_seo_score":["56"],"rank_math_focus_keyword":["Gecko Tours La Palma \u00e9quipe"],"rank_math_title":["Gecko Tours La Palma \u00e9quipe %page% %sep% %sitename%"],"rank_math_description":["D\u00e9couvrez Gecko Tours La Palma \u2014 notre \u00e9quipe, notre philosophie et notre passion pour cr\u00e9er des exp\u00e9riences locales authentiques"],"rank_math_internal_links_processed":["1"],"rank_math_analytic_object_id":["58"],"_uag_page_assets":["a:9:{s:3:\"css\";s:2437:\".wp-block-uagb-container.uagb-block-3bb7dccc .uagb-container__shape-top svg{width: calc( 100% + 1.3px );}.wp-block-uagb-container.uagb-block-3bb7dccc .uagb-container__shape.uagb-container__shape-top .uagb-container__shape-fill{fill: rgba(51,51,51,1);}.wp-block-uagb-container.uagb-block-3bb7dccc .uagb-container__shape-bottom svg{width: calc( 100% + 1.3px );}.wp-block-uagb-container.uagb-block-3bb7dccc .uagb-container__shape.uagb-container__shape-bottom .uagb-container__shape-fill{fill: rgba(51,51,51,1);}.wp-block-uagb-container.uagb-block-3bb7dccc .uagb-container__video-wrap video{opacity: 1;}.wp-block-uagb-container.uagb-is-root-container .uagb-block-3bb7dccc{max-width: 100%;width: 100%;}.wp-block-uagb-container.uagb-is-root-container.alignfull.uagb-block-3bb7dccc > .uagb-container-inner-blocks-wrap{--inner-content-custom-width: min( 100%, 1150px);max-width: var(--inner-content-custom-width);width: 100%;flex-direction: column;align-items: flex-start;justify-content: flex-start;flex-wrap: nowrap;row-gap: 0px;column-gap: 0px;}.wp-block-uagb-container.uagb-block-3bb7dccc{box-shadow: 0px 0px   #00000070 ;padding-top: 10px;padding-bottom: 10px;padding-left: 10px;padding-right: 10px;margin-top:  !important;margin-bottom:  !important;overflow: visible;order: initial;border-color: inherit;row-gap: 0px;column-gap: 0px;}@media only screen and (max-width: 976px) {.wp-block-uagb-container.uagb-is-root-container .uagb-block-3bb7dccc{width: 100%;}.wp-block-uagb-container.uagb-is-root-container.alignfull.uagb-block-3bb7dccc > .uagb-container-inner-blocks-wrap{--inner-content-custom-width: min( 100%, 1024px);max-width: var(--inner-content-custom-width);width: 100%;}.wp-block-uagb-container.uagb-block-3bb7dccc{padding-top: 10px;padding-bottom: 10px;padding-left: 10px;padding-right: 10px;margin-top:  !important;margin-bottom:  !important;order: initial;}}@media only screen and (max-width: 767px) {.wp-block-uagb-container.uagb-is-root-container .uagb-block-3bb7dccc{max-width: 100%;width: 100%;}.wp-block-uagb-container.uagb-is-root-container.alignfull.uagb-block-3bb7dccc > .uagb-container-inner-blocks-wrap{--inner-content-custom-width: min( 100%, 767px);max-width: var(--inner-content-custom-width);width: 100%;flex-wrap: wrap;}.wp-block-uagb-container.uagb-block-3bb7dccc{padding-top: 10px;padding-bottom: 10px;padding-left: 10px;padding-right: 10px;margin-top:  !important;margin-bottom:  !important;order: initial;}}\";s:2:\"js\";s:0:\"\";s:18:\"current_block_list\";a:2:{i:0;s:14:\"uagb\/container\";i:1;s:13:\"core\/freeform\";}s:8:\"uag_flag\";b:1;s:11:\"uag_version\";s:10:\"1776324141\";s:6:\"gfonts\";a:0:{}s:10:\"gfonts_url\";s:0:\"\";s:12:\"gfonts_files\";a:0:{}s:14:\"uag_faq_layout\";b:0;}"]},"uagb_featured_image_src":{"full":false,"thumbnail":false,"medium":false,"medium_large":false,"large":false,"1536x1536":false,"2048x2048":false},"uagb_author_info":{"display_name":"itlapalma","author_link":"https:\/\/geckotours-lapalma.com\/fr\/author\/itlapalma\/"},"uagb_comment_info":0,"uagb_excerpt":"\u00c0 propos de Gecko Tours La Palma Gecko Tours La Palma.\u00a0 \u00c9quipe\u00a0 passionn\u00e9e par le voyage et la nature Gecko Tours a \u00e9t\u00e9 fond\u00e9e avec la passion de partager la beaut\u00e9 et la diversit\u00e9 de La Palma avec les voyageurs en qu\u00eate d\u2019aventure. Notre \u00e9quipe est compos\u00e9e de guides exp\u00e9riment\u00e9s qui connaissent l\u2019\u00eele comme leur\u2026","ase":null,"_links":{"self":[{"href":"https:\/\/geckotours-lapalma.com\/fr\/wp-json\/wp\/v2\/pages\/2371","targetHints":{"allow":["GET"]}}],"collection":[{"href":"https:\/\/geckotours-lapalma.com\/fr\/wp-json\/wp\/v2\/pages"}],"about":[{"href":"https:\/\/geckotours-lapalma.com\/fr\/wp-json\/wp\/v2\/types\/page"}],"author":[{"embeddable":true,"href":"https:\/\/geckotours-lapalma.com\/fr\/wp-json\/wp\/v2\/users\/2"}],"replies":[{"embeddable":true,"href":"https:\/\/geckotours-lapalma.com\/fr\/wp-json\/wp\/v2\/comments?post=2371"}],"version-history":[{"count":3,"href":"https:\/\/geckotours-lapalma.com\/fr\/wp-json\/wp\/v2\/pages\/2371\/revisions"}],"predecessor-version":[{"id":2882,"href":"https:\/\/geckotours-lapalma.com\/fr\/wp-json\/wp\/v2\/pages\/2371\/revisions\/2882"}],"wp:attachment":[{"href":"https:\/\/geckotours-lapalma.com\/fr\/wp-json\/wp\/v2\/media?parent=2371"}],"curies":[{"name":"wp","href":"https:\/\/api.w.org\/{rel}","templated":true}]}}