{"id":1012,"date":"2018-03-19T11:32:47","date_gmt":"2018-03-19T11:32:47","guid":{"rendered":"https:\/\/geckotours-lapalma.com\/disclaimer\/"},"modified":"2026-02-02T11:15:45","modified_gmt":"2026-02-02T11:15:45","slug":"clause-de-non-responsabilite","status":"publish","type":"page","link":"https:\/\/geckotours-lapalma.com\/fr\/clause-de-non-responsabilite\/","title":{"rendered":"Clause de non-responsabilit\u00e9"},"content":{"rendered":"\n<div class=\"wp-block-uagb-container uagb-block-fde19761 alignfull uagb-is-root-container\"><div class=\"uagb-container-inner-blocks-wrap\">\n<h1>Mentions l\u00e9gales \/ Avertissement<\/h1>\n<p>Sur cette page, vous trouverez la clause de non-responsabilit\u00e9 de <a href=\"https:\/\/geckotours-lapalma.com\">geckotours-lapalma.com<\/a>, telle que mise \u00e0 disposition par <strong>Gecko Tours La Palma<\/strong>.<br \/>Dans cette clause, nous expliquons sous quelles r\u00e9serves nous vous proposons les informations publi\u00e9es sur notre site Internet.<\/p>\n<h3>Propri\u00e9t\u00e9 intellectuelle<\/h3>\n<p>L\u2019utilisation des informations figurant sur ce site est gratuite, \u00e0 condition que vous ne les copiiez pas, ne les diffusiez pas et ne les utilisiez pas ou n\u2019en abusiez pas d\u2019une autre mani\u00e8re.<br \/>Vous pouvez r\u00e9utiliser le contenu de ce site uniquement dans les limites pr\u00e9vues par la l\u00e9gislation imp\u00e9rative.<\/p>\n<p>Sans l\u2019autorisation \u00e9crite expresse de <strong>Gecko Tours La Palma<\/strong>, il n\u2019est pas permis de r\u00e9utiliser le texte, les photographies ou tout autre mat\u00e9riel figurant sur ce site.<br \/>Tous les droits de propri\u00e9t\u00e9 intellectuelle appartiennent \u00e0 <strong>Gecko Tours La Palma<\/strong>.<\/p>\n<h3>Absence de garantie quant \u00e0 l\u2019exactitude<\/h3>\n<p>Les prix indiqu\u00e9s sur notre site Internet font l\u2019objet du plus grand soin afin de refl\u00e9ter fid\u00e8lement la r\u00e9alit\u00e9 et les tarifs pr\u00e9vus.<br \/>Toute erreur \u00e9vidente, qu\u2019il s\u2019agisse d\u2019une faute de programmation ou de frappe, ne saurait justifier la conclusion ou la revendication d\u2019un contrat avec <strong>Gecko Tours La Palma<\/strong>.<\/p>\n<p><strong>Gecko Tours La Palma<\/strong> s\u2019efforce de maintenir son site Internet aussi \u00e0 jour que possible.<br \/>Cependant, malgr\u00e9 tous nos efforts, certaines informations ou contenus peuvent \u00eatre incomplets ou inexacts.<br \/>Nous ne pouvons en aucun cas en \u00eatre tenus pour responsables.<\/p>\n<p>Les informations et\/ou produits propos\u00e9s sur ce site le sont sans garantie d\u2019aucune sorte, ni engagement quant \u00e0 leur exactitude.<br \/>Nous nous r\u00e9servons le droit de modifier, supprimer ou republier tout contenu, sans pr\u00e9avis.<br \/><strong>Gecko Tours La Palma<\/strong> d\u00e9cline \u00e9galement toute responsabilit\u00e9 concernant les informations figurant sur les sites externes auxquels nous renvoyons par des liens hypertextes.<\/p>\n<h3>Modifications<\/h3>\n<p>Si cette clause de non-responsabilit\u00e9 devait \u00eatre modifi\u00e9e, la version la plus r\u00e9cente sera disponible sur <a href=\"https:\/\/geckotours-lapalma.com\">geckotours-lapalma.com.<\/a><\/p>\n<\/div><\/div>\n","protected":false},"excerpt":{"rendered":"<p>Mentions l\u00e9gales \/ Avertissement Sur cette page, vous trouverez la clause de non-responsabilit\u00e9 de geckotours-lapalma.com, telle que mise \u00e0 disposition par Gecko Tours La Palma.Dans cette clause, nous expliquons sous quelles r\u00e9serves nous vous proposons les informations publi\u00e9es sur notre site Internet. Propri\u00e9t\u00e9 intellectuelle L\u2019utilisation des informations figurant sur ce site est gratuite, \u00e0 condition [&hellip;]<\/p>\n","protected":false},"author":2,"featured_media":0,"parent":0,"menu_order":0,"comment_status":"closed","ping_status":"closed","template":"","meta":{"_uag_custom_page_level_css":"","site-sidebar-layout":"default","site-content-layout":"","ast-site-content-layout":"default","site-content-style":"default","site-sidebar-style":"default","ast-global-header-display":"","ast-banner-title-visibility":"","ast-main-header-display":"","ast-hfb-above-header-display":"","ast-hfb-below-header-display":"","ast-hfb-mobile-header-display":"","site-post-title":"disabled","ast-breadcrumbs-content":"","ast-featured-img":"","footer-sml-layout":"","ast-disable-related-posts":"","theme-transparent-header-meta":"","adv-header-id-meta":"","stick-header-meta":"","header-above-stick-meta":"","header-main-stick-meta":"","header-below-stick-meta":"","astra-migrate-meta-layouts":"set","ast-page-background-enabled":"default","ast-page-background-meta":{"desktop":{"background-color":"var(--ast-global-color-4)","background-image":"","background-repeat":"repeat","background-position":"center center","background-size":"auto","background-attachment":"scroll","background-type":"","background-media":"","overlay-type":"","overlay-color":"","overlay-opacity":"","overlay-gradient":""},"tablet":{"background-color":"","background-image":"","background-repeat":"repeat","background-position":"center center","background-size":"auto","background-attachment":"scroll","background-type":"","background-media":"","overlay-type":"","overlay-color":"","overlay-opacity":"","overlay-gradient":""},"mobile":{"background-color":"","background-image":"","background-repeat":"repeat","background-position":"center center","background-size":"auto","background-attachment":"scroll","background-type":"","background-media":"","overlay-type":"","overlay-color":"","overlay-opacity":"","overlay-gradient":""}},"ast-content-background-meta":{"desktop":{"background-color":"var(--ast-global-color-5)","background-image":"","background-repeat":"repeat","background-position":"center center","background-size":"auto","background-attachment":"scroll","background-type":"","background-media":"","overlay-type":"","overlay-color":"","overlay-opacity":"","overlay-gradient":""},"tablet":{"background-color":"var(--ast-global-color-5)","background-image":"","background-repeat":"repeat","background-position":"center center","background-size":"auto","background-attachment":"scroll","background-type":"","background-media":"","overlay-type":"","overlay-color":"","overlay-opacity":"","overlay-gradient":""},"mobile":{"background-color":"var(--ast-global-color-5)","background-image":"","background-repeat":"repeat","background-position":"center center","background-size":"auto","background-attachment":"scroll","background-type":"","background-media":"","overlay-type":"","overlay-color":"","overlay-opacity":"","overlay-gradient":""}},"footnotes":""},"class_list":["post-1012","page","type-page","status-publish","hentry"],"spectra_custom_meta":{"_yoast_wpseo_content_score":["60"],"_wpml_word_count":["365"],"_wpml_media_duplicate":["0"],"_wpml_media_featured":["0"],"_wpml_location_migration_done":["1"],"_yoast_wpseo_estimated-reading-time-minutes":["2"],"_yoast_wpseo_wordproof_timestamp":[""],"astra_style_timestamp_css":["1669632934"],"footnotes":[""],"_uag_custom_page_level_css":[""],"ast-site-content-layout":["default"],"site-post-title":["disabled"],"theme-transparent-header-meta":[""],"adv-header-id-meta":[""],"stick-header-meta":[""],"astra-migrate-meta-layouts":["set"],"_edit_lock":["1770031000:5"],"_last_translation_edit_mode":["native-editor"],"_edit_last":["5"],"_wp_page_template":[""],"rank_math_news_sitemap_robots":["index"],"rank_math_robots":["a:1:{i:0;s:7:\"noindex\";}"],"rank_math_seo_score":["13"],"rank_math_internal_links_processed":["1"],"wp_statistics_words_count":["287"],"rank_math_analytic_object_id":["73"],"_uag_page_assets":["a:9:{s:3:\"css\";s:2437:\".wp-block-uagb-container.uagb-block-fde19761 .uagb-container__shape-top svg{width: calc( 100% + 1.3px );}.wp-block-uagb-container.uagb-block-fde19761 .uagb-container__shape.uagb-container__shape-top .uagb-container__shape-fill{fill: rgba(51,51,51,1);}.wp-block-uagb-container.uagb-block-fde19761 .uagb-container__shape-bottom svg{width: calc( 100% + 1.3px );}.wp-block-uagb-container.uagb-block-fde19761 .uagb-container__shape.uagb-container__shape-bottom .uagb-container__shape-fill{fill: rgba(51,51,51,1);}.wp-block-uagb-container.uagb-block-fde19761 .uagb-container__video-wrap video{opacity: 1;}.wp-block-uagb-container.uagb-is-root-container .uagb-block-fde19761{max-width: 100%;width: 100%;}.wp-block-uagb-container.uagb-is-root-container.alignfull.uagb-block-fde19761 > .uagb-container-inner-blocks-wrap{--inner-content-custom-width: min( 100%, 1150px);max-width: var(--inner-content-custom-width);width: 100%;flex-direction: column;align-items: flex-start;justify-content: flex-start;flex-wrap: nowrap;row-gap: 0px;column-gap: 0px;}.wp-block-uagb-container.uagb-block-fde19761{box-shadow: 0px 0px   #00000070 ;padding-top: 10px;padding-bottom: 10px;padding-left: 10px;padding-right: 10px;margin-top:  !important;margin-bottom:  !important;overflow: visible;order: initial;border-color: inherit;row-gap: 0px;column-gap: 0px;}@media only screen and (max-width: 976px) {.wp-block-uagb-container.uagb-is-root-container .uagb-block-fde19761{width: 100%;}.wp-block-uagb-container.uagb-is-root-container.alignfull.uagb-block-fde19761 > .uagb-container-inner-blocks-wrap{--inner-content-custom-width: min( 100%, 1024px);max-width: var(--inner-content-custom-width);width: 100%;}.wp-block-uagb-container.uagb-block-fde19761{padding-top: 10px;padding-bottom: 10px;padding-left: 10px;padding-right: 10px;margin-top:  !important;margin-bottom:  !important;order: initial;}}@media only screen and (max-width: 767px) {.wp-block-uagb-container.uagb-is-root-container .uagb-block-fde19761{max-width: 100%;width: 100%;}.wp-block-uagb-container.uagb-is-root-container.alignfull.uagb-block-fde19761 > .uagb-container-inner-blocks-wrap{--inner-content-custom-width: min( 100%, 767px);max-width: var(--inner-content-custom-width);width: 100%;flex-wrap: wrap;}.wp-block-uagb-container.uagb-block-fde19761{padding-top: 10px;padding-bottom: 10px;padding-left: 10px;padding-right: 10px;margin-top:  !important;margin-bottom:  !important;order: initial;}}\";s:2:\"js\";s:0:\"\";s:18:\"current_block_list\";a:2:{i:0;s:14:\"uagb\/container\";i:1;s:13:\"core\/freeform\";}s:8:\"uag_flag\";b:1;s:11:\"uag_version\";s:10:\"1776586538\";s:6:\"gfonts\";a:0:{}s:10:\"gfonts_url\";s:0:\"\";s:12:\"gfonts_files\";a:0:{}s:14:\"uag_faq_layout\";b:0;}"]},"uagb_featured_image_src":{"full":false,"thumbnail":false,"medium":false,"medium_large":false,"large":false,"1536x1536":false,"2048x2048":false},"uagb_author_info":{"display_name":"itlapalma","author_link":"https:\/\/geckotours-lapalma.com\/fr\/author\/itlapalma\/"},"uagb_comment_info":0,"uagb_excerpt":"Mentions l\u00e9gales \/ Avertissement Sur cette page, vous trouverez la clause de non-responsabilit\u00e9 de geckotours-lapalma.com, telle que mise \u00e0 disposition par Gecko Tours La Palma.Dans cette clause, nous expliquons sous quelles r\u00e9serves nous vous proposons les informations publi\u00e9es sur notre site Internet. Propri\u00e9t\u00e9 intellectuelle L\u2019utilisation des informations figurant sur ce site est gratuite, \u00e0 condition\u2026","ase":null,"_links":{"self":[{"href":"https:\/\/geckotours-lapalma.com\/fr\/wp-json\/wp\/v2\/pages\/1012","targetHints":{"allow":["GET"]}}],"collection":[{"href":"https:\/\/geckotours-lapalma.com\/fr\/wp-json\/wp\/v2\/pages"}],"about":[{"href":"https:\/\/geckotours-lapalma.com\/fr\/wp-json\/wp\/v2\/types\/page"}],"author":[{"embeddable":true,"href":"https:\/\/geckotours-lapalma.com\/fr\/wp-json\/wp\/v2\/users\/2"}],"replies":[{"embeddable":true,"href":"https:\/\/geckotours-lapalma.com\/fr\/wp-json\/wp\/v2\/comments?post=1012"}],"version-history":[{"count":3,"href":"https:\/\/geckotours-lapalma.com\/fr\/wp-json\/wp\/v2\/pages\/1012\/revisions"}],"predecessor-version":[{"id":2540,"href":"https:\/\/geckotours-lapalma.com\/fr\/wp-json\/wp\/v2\/pages\/1012\/revisions\/2540"}],"wp:attachment":[{"href":"https:\/\/geckotours-lapalma.com\/fr\/wp-json\/wp\/v2\/media?parent=1012"}],"curies":[{"name":"wp","href":"https:\/\/api.w.org\/{rel}","templated":true}]}}