{"id":388,"date":"2018-03-19T11:32:34","date_gmt":"2018-03-19T11:32:34","guid":{"rendered":"https:\/\/geckotours-lapalma.com\/?page_id=388"},"modified":"2026-02-02T09:16:53","modified_gmt":"2026-02-02T09:16:53","slug":"descargo-de-responsabilidad","status":"publish","type":"page","link":"https:\/\/geckotours-lapalma.com\/es\/descargo-de-responsabilidad\/","title":{"rendered":"Descargo de responsabilidad"},"content":{"rendered":"\n<div class=\"wp-block-uagb-container uagb-block-fde19761 alignfull uagb-is-root-container\"><div class=\"uagb-container-inner-blocks-wrap\">\n<h1>Descargo de responsabilidad<\/h1>\n<p>En esta p\u00e1gina encontrar\u00e1 el descargo de responsabilidad de geckotours-lapalma.com, puesto a disposici\u00f3n por Gecko Tours La Palma. En este descargo de responsabilidad, indicamos bajo qu\u00e9 reservaci\u00f3n le ofrecemos la informaci\u00f3n en nuestro sitio web.<\/p>\n<h3>Propiedad intelectual<\/h3>\n<p>El uso de la informaci\u00f3n en este sitio web es gratuito siempre que no copie, distribuya o utilice o haga un mal uso de esta informaci\u00f3n. Solo puede volver a utilizar la informaci\u00f3n en este sitio web de acuerdo con las regulaciones de la ley obligatoria.<\/p>\n<p>Sin el permiso expreso por escrito de Gecko Tours La Palma, no est\u00e1 permitido reutilizar texto, material fotogr\u00e1fico u otros materiales en este sitio web. La propiedad intelectual pertenece a Gecko Tours La Palma.<\/p>\n<h3>Sin garant\u00eda de precisi\u00f3n<\/h3>\n<p>Para los precios en nuestro sitio web, nos esforzamos por la representaci\u00f3n m\u00e1s precisa de la realidad y los precios previstos. Los errores que surgen y son reconocibles como errores de programaci\u00f3n o de tipeo nunca forman un motivo para reclamar o asumir un contrato o acuerdo con Gecko Tours La Palma.<\/p>\n<p>Gecko Tours La Palma se esfuerza por tener un sitio web lo m\u00e1s actualizado posible. Si, a pesar de estos esfuerzos, la informaci\u00f3n o el contenido de este sitio web est\u00e1 incompleto y \/ o es incorrecto, no podemos aceptar ninguna responsabilidad por esto.<\/p>\n<p>La informaci\u00f3n y \/ o productos en este sitio web se ofrecen sin ning\u00fan tipo de garant\u00eda y \/ o reclamo de correcci\u00f3n. Nos reservamos el derecho de cambiar, eliminar o volver a instalar estos materiales sin previo aviso. Gecko Tours La Palma no acepta ninguna responsabilidad por la informaci\u00f3n contenida en los sitios web a los que nos referimos a trav\u00e9s de hiperv\u00ednculos.<\/p>\n<h3>Enmiendas<\/h3>\n<p>Si esta cl\u00e1usula de exenci\u00f3n de responsabilidad cambia, encontrar\u00e1 la versi\u00f3n m\u00e1s reciente de la exenci\u00f3n de responsabilidad en geckotours-lapalma.com.<\/p>\n<p><em>Este descargo de responsabilidad se genera en\u00a0<a href=\"https:\/\/disclaimerwebsitevoorbeeld.nl\/\" target=\"_blank\" rel=\"noopener noreferrer nofollow\">https:\/\/disclaimerwebsitevoorbeeld.nl\/<\/a>\u00a0y luego se traduce al Espa\u00f1ol.<\/em><\/p>\n<\/div><\/div>\n","protected":false},"excerpt":{"rendered":"<p>Descargo de responsabilidad En esta p\u00e1gina encontrar\u00e1 el descargo de responsabilidad de , puesto a disposici\u00f3n por . En este descargo de responsabilidad, indicamos bajo qu\u00e9 reservaci\u00f3n le ofrecemos la informaci\u00f3n en nuestro sitio web. Propiedad intelectual El uso de la informaci\u00f3n en este sitio web es gratuito siempre que no copie, distribuya o utilice [&hellip;]<\/p>\n","protected":false},"author":2,"featured_media":0,"parent":0,"menu_order":0,"comment_status":"closed","ping_status":"closed","template":"","meta":{"_uag_custom_page_level_css":"","site-sidebar-layout":"default","site-content-layout":"","ast-site-content-layout":"default","site-content-style":"default","site-sidebar-style":"default","ast-global-header-display":"","ast-banner-title-visibility":"","ast-main-header-display":"","ast-hfb-above-header-display":"","ast-hfb-below-header-display":"","ast-hfb-mobile-header-display":"","site-post-title":"disabled","ast-breadcrumbs-content":"","ast-featured-img":"","footer-sml-layout":"","ast-disable-related-posts":"","theme-transparent-header-meta":"","adv-header-id-meta":"","stick-header-meta":"","header-above-stick-meta":"","header-main-stick-meta":"","header-below-stick-meta":"","astra-migrate-meta-layouts":"set","ast-page-background-enabled":"default","ast-page-background-meta":{"desktop":{"background-color":"var(--ast-global-color-4)","background-image":"","background-repeat":"repeat","background-position":"center center","background-size":"auto","background-attachment":"scroll","background-type":"","background-media":"","overlay-type":"","overlay-color":"","overlay-opacity":"","overlay-gradient":""},"tablet":{"background-color":"","background-image":"","background-repeat":"repeat","background-position":"center center","background-size":"auto","background-attachment":"scroll","background-type":"","background-media":"","overlay-type":"","overlay-color":"","overlay-opacity":"","overlay-gradient":""},"mobile":{"background-color":"","background-image":"","background-repeat":"repeat","background-position":"center center","background-size":"auto","background-attachment":"scroll","background-type":"","background-media":"","overlay-type":"","overlay-color":"","overlay-opacity":"","overlay-gradient":""}},"ast-content-background-meta":{"desktop":{"background-color":"var(--ast-global-color-5)","background-image":"","background-repeat":"repeat","background-position":"center center","background-size":"auto","background-attachment":"scroll","background-type":"","background-media":"","overlay-type":"","overlay-color":"","overlay-opacity":"","overlay-gradient":""},"tablet":{"background-color":"var(--ast-global-color-5)","background-image":"","background-repeat":"repeat","background-position":"center center","background-size":"auto","background-attachment":"scroll","background-type":"","background-media":"","overlay-type":"","overlay-color":"","overlay-opacity":"","overlay-gradient":""},"mobile":{"background-color":"var(--ast-global-color-5)","background-image":"","background-repeat":"repeat","background-position":"center center","background-size":"auto","background-attachment":"scroll","background-type":"","background-media":"","overlay-type":"","overlay-color":"","overlay-opacity":"","overlay-gradient":""}},"footnotes":""},"class_list":["post-388","page","type-page","status-publish","hentry"],"spectra_custom_meta":{"_edit_lock":["1770023814:5"],"_edit_last":["5"],"_yoast_wpseo_content_score":["60"],"_wp_page_template":[""],"_last_translation_edit_mode":["native-editor"],"_yoast_wpseo_estimated-reading-time-minutes":["2"],"astra_style_timestamp_css":["1669375420"],"footnotes":[""],"_uag_custom_page_level_css":[""],"ast-site-content-layout":["default"],"astra-migrate-meta-layouts":["set"],"_wpml_media_duplicate":["0"],"_wpml_media_featured":["0"],"_yoast_wpseo_wordproof_timestamp":[""],"adv-header-id-meta":[""],"stick-header-meta":[""],"site-post-title":["disabled"],"theme-transparent-header-meta":[""],"rank_math_news_sitemap_robots":["index"],"rank_math_robots":["a:1:{i:0;s:7:\"noindex\";}"],"rank_math_seo_score":["14"],"rank_math_internal_links_processed":["1"],"wp_statistics_words_count":["296"],"_wpml_word_count":["320"],"rank_math_analytic_object_id":["75"],"_uag_page_assets":["a:9:{s:3:\"css\";s:2437:\".wp-block-uagb-container.uagb-block-fde19761 .uagb-container__shape-top svg{width: calc( 100% + 1.3px );}.wp-block-uagb-container.uagb-block-fde19761 .uagb-container__shape.uagb-container__shape-top .uagb-container__shape-fill{fill: rgba(51,51,51,1);}.wp-block-uagb-container.uagb-block-fde19761 .uagb-container__shape-bottom svg{width: calc( 100% + 1.3px );}.wp-block-uagb-container.uagb-block-fde19761 .uagb-container__shape.uagb-container__shape-bottom .uagb-container__shape-fill{fill: rgba(51,51,51,1);}.wp-block-uagb-container.uagb-block-fde19761 .uagb-container__video-wrap video{opacity: 1;}.wp-block-uagb-container.uagb-is-root-container .uagb-block-fde19761{max-width: 100%;width: 100%;}.wp-block-uagb-container.uagb-is-root-container.alignfull.uagb-block-fde19761 > .uagb-container-inner-blocks-wrap{--inner-content-custom-width: min( 100%, 1150px);max-width: var(--inner-content-custom-width);width: 100%;flex-direction: column;align-items: flex-start;justify-content: flex-start;flex-wrap: nowrap;row-gap: 0px;column-gap: 0px;}.wp-block-uagb-container.uagb-block-fde19761{box-shadow: 0px 0px   #00000070 ;padding-top: 10px;padding-bottom: 10px;padding-left: 10px;padding-right: 10px;margin-top:  !important;margin-bottom:  !important;overflow: visible;order: initial;border-color: inherit;row-gap: 0px;column-gap: 0px;}@media only screen and (max-width: 976px) {.wp-block-uagb-container.uagb-is-root-container .uagb-block-fde19761{width: 100%;}.wp-block-uagb-container.uagb-is-root-container.alignfull.uagb-block-fde19761 > .uagb-container-inner-blocks-wrap{--inner-content-custom-width: min( 100%, 1024px);max-width: var(--inner-content-custom-width);width: 100%;}.wp-block-uagb-container.uagb-block-fde19761{padding-top: 10px;padding-bottom: 10px;padding-left: 10px;padding-right: 10px;margin-top:  !important;margin-bottom:  !important;order: initial;}}@media only screen and (max-width: 767px) {.wp-block-uagb-container.uagb-is-root-container .uagb-block-fde19761{max-width: 100%;width: 100%;}.wp-block-uagb-container.uagb-is-root-container.alignfull.uagb-block-fde19761 > .uagb-container-inner-blocks-wrap{--inner-content-custom-width: min( 100%, 767px);max-width: var(--inner-content-custom-width);width: 100%;flex-wrap: wrap;}.wp-block-uagb-container.uagb-block-fde19761{padding-top: 10px;padding-bottom: 10px;padding-left: 10px;padding-right: 10px;margin-top:  !important;margin-bottom:  !important;order: initial;}}\";s:2:\"js\";s:0:\"\";s:18:\"current_block_list\";a:2:{i:0;s:14:\"uagb\/container\";i:1;s:13:\"core\/freeform\";}s:8:\"uag_flag\";b:1;s:11:\"uag_version\";s:10:\"1776318539\";s:6:\"gfonts\";a:0:{}s:10:\"gfonts_url\";s:0:\"\";s:12:\"gfonts_files\";a:0:{}s:14:\"uag_faq_layout\";b:0;}"]},"uagb_featured_image_src":{"full":false,"thumbnail":false,"medium":false,"medium_large":false,"large":false,"1536x1536":false,"2048x2048":false},"uagb_author_info":{"display_name":"itlapalma","author_link":"https:\/\/geckotours-lapalma.com\/es\/author\/itlapalma\/"},"uagb_comment_info":0,"uagb_excerpt":"Descargo de responsabilidad En esta p\u00e1gina encontrar\u00e1 el descargo de responsabilidad de , puesto a disposici\u00f3n por . En este descargo de responsabilidad, indicamos bajo qu\u00e9 reservaci\u00f3n le ofrecemos la informaci\u00f3n en nuestro sitio web. Propiedad intelectual El uso de la informaci\u00f3n en este sitio web es gratuito siempre que no copie, distribuya o utilice&hellip;","ase":null,"_links":{"self":[{"href":"https:\/\/geckotours-lapalma.com\/es\/wp-json\/wp\/v2\/pages\/388","targetHints":{"allow":["GET"]}}],"collection":[{"href":"https:\/\/geckotours-lapalma.com\/es\/wp-json\/wp\/v2\/pages"}],"about":[{"href":"https:\/\/geckotours-lapalma.com\/es\/wp-json\/wp\/v2\/types\/page"}],"author":[{"embeddable":true,"href":"https:\/\/geckotours-lapalma.com\/es\/wp-json\/wp\/v2\/users\/2"}],"replies":[{"embeddable":true,"href":"https:\/\/geckotours-lapalma.com\/es\/wp-json\/wp\/v2\/comments?post=388"}],"version-history":[{"count":1,"href":"https:\/\/geckotours-lapalma.com\/es\/wp-json\/wp\/v2\/pages\/388\/revisions"}],"predecessor-version":[{"id":1010,"href":"https:\/\/geckotours-lapalma.com\/es\/wp-json\/wp\/v2\/pages\/388\/revisions\/1010"}],"wp:attachment":[{"href":"https:\/\/geckotours-lapalma.com\/es\/wp-json\/wp\/v2\/media?parent=388"}],"curies":[{"name":"wp","href":"https:\/\/api.w.org\/{rel}","templated":true}]}}