{"id":2375,"date":"2025-03-18T08:31:36","date_gmt":"2025-03-18T08:31:36","guid":{"rendered":"https:\/\/geckotours-lapalma.com\/over-ons\/"},"modified":"2026-02-02T09:33:36","modified_gmt":"2026-02-02T09:33:36","slug":"sobre-nosotros","status":"publish","type":"page","link":"https:\/\/geckotours-lapalma.com\/es\/sobre-nosotros\/","title":{"rendered":"Sobre nosotros"},"content":{"rendered":"\n<div class=\"wp-block-uagb-container uagb-block-3bb7dccc alignfull uagb-is-root-container\"><div class=\"uagb-container-inner-blocks-wrap\">\n<h1>Gu\u00edas tur\u00edsticos en La Palma<\/h1>\n<p>Gecko Tours fue fundado con la pasi\u00f3n de compartir la belleza y diversidad de La Palma con viajeros aventureros. Nuestro equipo est\u00e1 formado por gu\u00edas experimentados que conocen la isla como su patio trasero y que te llevar\u00e1n encantados a aventuras inolvidables.<\/p>\n<h2>Nuestra misi\u00f3n como gu\u00edas\u00a0<\/h2>\n<p>Nuestra misi\u00f3n es ofrecer a nuestros clientes una experiencia \u00fanica e inolvidable, mientras respetamos y protegemos la naturaleza y cultura de La Palma. Nos esforzamos por un turismo sostenible y colaboramos con las comunidades locales para preservar la isla para futuras generaciones.<\/p>\n<h3>Sobre Rob \u2013 Antrop\u00f3logo Belga, Gu\u00eda &amp; Amante de la Naturaleza<\/h3>\n<p>Conozca a Rob, un antrop\u00f3logo belga con m\u00e1s de 20 a\u00f1os de experiencia como gu\u00eda de senderismo y organizador de viajes. Su pasi\u00f3n por la naturaleza y el aire libre siempre ha sido la fuerza que impulsa su vida y su carrera.<\/p>\n<p>Durante sus estudios, Rob viaj\u00f3 extensamente, desarrollando un profundo amor por los paisajes naturales y una fascinaci\u00f3n duradera por La Palma. Con el tiempo, su conexi\u00f3n con la isla se ha fortalecido a\u00fan m\u00e1s.<\/p>\n<p>Rob posee las licencias necesarias como gu\u00eda de senderismo y habla fluidamente neerland\u00e9s, ingl\u00e9s, alem\u00e1n, espa\u00f1ol y franc\u00e9s, ofreciendo experiencias personalizadas e inolvidables a viajeros de todo el mundo. Con Rob, cada aventura combina experiencia, pasi\u00f3n y una verdadera apreciaci\u00f3n por la belleza de la naturaleza.<\/p>\n<p>Ante cualquier duda o aclaraci\u00f3n, p\u00f3ngase en <strong><a href=\"https:\/\/geckotours-lapalma.com\/es\/contacto\/\" data-type=\"page\" data-id=\"208\">contacto<\/a><\/strong> con nosotros sin compromiso<\/p>\n<\/div><\/div>\n","protected":false},"excerpt":{"rendered":"<p>Gu\u00edas tur\u00edsticos en La Palma Gecko Tours fue fundado con la pasi\u00f3n de compartir la belleza y diversidad de La Palma con viajeros aventureros. Nuestro equipo est\u00e1 formado por gu\u00edas experimentados que conocen la isla como su patio trasero y que te llevar\u00e1n encantados a aventuras inolvidables. Nuestra misi\u00f3n como gu\u00edas\u00a0 Nuestra misi\u00f3n es ofrecer [&hellip;]<\/p>\n","protected":false},"author":2,"featured_media":0,"parent":0,"menu_order":0,"comment_status":"closed","ping_status":"closed","template":"","meta":{"_uag_custom_page_level_css":"","site-sidebar-layout":"default","site-content-layout":"","ast-site-content-layout":"default","site-content-style":"default","site-sidebar-style":"default","ast-global-header-display":"","ast-banner-title-visibility":"","ast-main-header-display":"","ast-hfb-above-header-display":"","ast-hfb-below-header-display":"","ast-hfb-mobile-header-display":"","site-post-title":"disabled","ast-breadcrumbs-content":"","ast-featured-img":"","footer-sml-layout":"","ast-disable-related-posts":"","theme-transparent-header-meta":"","adv-header-id-meta":"","stick-header-meta":"","header-above-stick-meta":"","header-main-stick-meta":"","header-below-stick-meta":"","astra-migrate-meta-layouts":"set","ast-page-background-enabled":"default","ast-page-background-meta":{"desktop":{"background-color":"var(--ast-global-color-4)","background-image":"","background-repeat":"repeat","background-position":"center center","background-size":"auto","background-attachment":"scroll","background-type":"","background-media":"","overlay-type":"","overlay-color":"","overlay-opacity":"","overlay-gradient":""},"tablet":{"background-color":"","background-image":"","background-repeat":"repeat","background-position":"center center","background-size":"auto","background-attachment":"scroll","background-type":"","background-media":"","overlay-type":"","overlay-color":"","overlay-opacity":"","overlay-gradient":""},"mobile":{"background-color":"","background-image":"","background-repeat":"repeat","background-position":"center center","background-size":"auto","background-attachment":"scroll","background-type":"","background-media":"","overlay-type":"","overlay-color":"","overlay-opacity":"","overlay-gradient":""}},"ast-content-background-meta":{"desktop":{"background-color":"var(--ast-global-color-5)","background-image":"","background-repeat":"repeat","background-position":"center center","background-size":"auto","background-attachment":"scroll","background-type":"","background-media":"","overlay-type":"","overlay-color":"","overlay-opacity":"","overlay-gradient":""},"tablet":{"background-color":"var(--ast-global-color-5)","background-image":"","background-repeat":"repeat","background-position":"center center","background-size":"auto","background-attachment":"scroll","background-type":"","background-media":"","overlay-type":"","overlay-color":"","overlay-opacity":"","overlay-gradient":""},"mobile":{"background-color":"var(--ast-global-color-5)","background-image":"","background-repeat":"repeat","background-position":"center center","background-size":"auto","background-attachment":"scroll","background-type":"","background-media":"","overlay-type":"","overlay-color":"","overlay-opacity":"","overlay-gradient":""}},"footnotes":""},"class_list":["post-2375","page","type-page","status-publish","hentry"],"spectra_custom_meta":{"_wpml_word_count":["262"],"_wpml_media_duplicate":["0"],"_wpml_media_featured":["0"],"_wpml_location_migration_done":["1"],"_yoast_wpseo_estimated-reading-time-minutes":["1"],"_yoast_wpseo_wordproof_timestamp":[""],"astra_style_timestamp_css":["1669632934"],"footnotes":[""],"_uag_custom_page_level_css":[""],"ast-site-content-layout":["default"],"site-post-title":["disabled"],"theme-transparent-header-meta":[""],"adv-header-id-meta":[""],"stick-header-meta":[""],"astra-migrate-meta-layouts":["set"],"_yoast_wpseo_content_score":["60"],"copied_media_ids":["a:0:{}"],"referenced_media_ids":["a:0:{}"],"_edit_lock":["1773149543:5"],"_last_translation_edit_mode":["native-editor"],"_edit_last":["5"],"_wp_page_template":[""],"rank_math_news_sitemap_robots":["index"],"rank_math_robots":["a:1:{i:0;s:5:\"index\";}"],"rank_math_seo_score":["59"],"rank_math_title":["Gu\u00edas tur\u00edsticos en La Palma | Gecko Tours La Palma"],"rank_math_description":["Conoce al equipo de Gecko Tours: gu\u00edas tur\u00edsticos en La Palma, expertos que te llevan a vivir experiencias \u00fanicas de aventura, naturaleza y turismo"],"rank_math_focus_keyword":["Gu\u00edas tur\u00edsticos en La Palma"],"rank_math_internal_links_processed":["1"],"wp_statistics_words_count":["230"],"rank_math_analytic_object_id":["60"],"_uag_page_assets":["a:9:{s:3:\"css\";s:2437:\".wp-block-uagb-container.uagb-block-3bb7dccc .uagb-container__shape-top svg{width: calc( 100% + 1.3px );}.wp-block-uagb-container.uagb-block-3bb7dccc .uagb-container__shape.uagb-container__shape-top .uagb-container__shape-fill{fill: rgba(51,51,51,1);}.wp-block-uagb-container.uagb-block-3bb7dccc .uagb-container__shape-bottom svg{width: calc( 100% + 1.3px );}.wp-block-uagb-container.uagb-block-3bb7dccc .uagb-container__shape.uagb-container__shape-bottom .uagb-container__shape-fill{fill: rgba(51,51,51,1);}.wp-block-uagb-container.uagb-block-3bb7dccc .uagb-container__video-wrap video{opacity: 1;}.wp-block-uagb-container.uagb-is-root-container .uagb-block-3bb7dccc{max-width: 100%;width: 100%;}.wp-block-uagb-container.uagb-is-root-container.alignfull.uagb-block-3bb7dccc > .uagb-container-inner-blocks-wrap{--inner-content-custom-width: min( 100%, 1150px);max-width: var(--inner-content-custom-width);width: 100%;flex-direction: column;align-items: flex-start;justify-content: flex-start;flex-wrap: nowrap;row-gap: 0px;column-gap: 0px;}.wp-block-uagb-container.uagb-block-3bb7dccc{box-shadow: 0px 0px   #00000070 ;padding-top: 10px;padding-bottom: 10px;padding-left: 10px;padding-right: 10px;margin-top:  !important;margin-bottom:  !important;overflow: visible;order: initial;border-color: inherit;row-gap: 0px;column-gap: 0px;}@media only screen and (max-width: 976px) {.wp-block-uagb-container.uagb-is-root-container .uagb-block-3bb7dccc{width: 100%;}.wp-block-uagb-container.uagb-is-root-container.alignfull.uagb-block-3bb7dccc > .uagb-container-inner-blocks-wrap{--inner-content-custom-width: min( 100%, 1024px);max-width: var(--inner-content-custom-width);width: 100%;}.wp-block-uagb-container.uagb-block-3bb7dccc{padding-top: 10px;padding-bottom: 10px;padding-left: 10px;padding-right: 10px;margin-top:  !important;margin-bottom:  !important;order: initial;}}@media only screen and (max-width: 767px) {.wp-block-uagb-container.uagb-is-root-container .uagb-block-3bb7dccc{max-width: 100%;width: 100%;}.wp-block-uagb-container.uagb-is-root-container.alignfull.uagb-block-3bb7dccc > .uagb-container-inner-blocks-wrap{--inner-content-custom-width: min( 100%, 767px);max-width: var(--inner-content-custom-width);width: 100%;flex-wrap: wrap;}.wp-block-uagb-container.uagb-block-3bb7dccc{padding-top: 10px;padding-bottom: 10px;padding-left: 10px;padding-right: 10px;margin-top:  !important;margin-bottom:  !important;order: initial;}}\";s:2:\"js\";s:0:\"\";s:18:\"current_block_list\";a:2:{i:0;s:14:\"uagb\/container\";i:1;s:13:\"core\/freeform\";}s:8:\"uag_flag\";b:1;s:11:\"uag_version\";s:10:\"1776318444\";s:6:\"gfonts\";a:0:{}s:10:\"gfonts_url\";s:0:\"\";s:12:\"gfonts_files\";a:0:{}s:14:\"uag_faq_layout\";b:0;}"]},"uagb_featured_image_src":{"full":false,"thumbnail":false,"medium":false,"medium_large":false,"large":false,"1536x1536":false,"2048x2048":false},"uagb_author_info":{"display_name":"itlapalma","author_link":"https:\/\/geckotours-lapalma.com\/es\/author\/itlapalma\/"},"uagb_comment_info":0,"uagb_excerpt":"Gu\u00edas tur\u00edsticos en La Palma Gecko Tours fue fundado con la pasi\u00f3n de compartir la belleza y diversidad de La Palma con viajeros aventureros. Nuestro equipo est\u00e1 formado por gu\u00edas experimentados que conocen la isla como su patio trasero y que te llevar\u00e1n encantados a aventuras inolvidables. Nuestra misi\u00f3n como gu\u00edas\u00a0 Nuestra misi\u00f3n es ofrecer&hellip;","ase":null,"_links":{"self":[{"href":"https:\/\/geckotours-lapalma.com\/es\/wp-json\/wp\/v2\/pages\/2375","targetHints":{"allow":["GET"]}}],"collection":[{"href":"https:\/\/geckotours-lapalma.com\/es\/wp-json\/wp\/v2\/pages"}],"about":[{"href":"https:\/\/geckotours-lapalma.com\/es\/wp-json\/wp\/v2\/types\/page"}],"author":[{"embeddable":true,"href":"https:\/\/geckotours-lapalma.com\/es\/wp-json\/wp\/v2\/users\/2"}],"replies":[{"embeddable":true,"href":"https:\/\/geckotours-lapalma.com\/es\/wp-json\/wp\/v2\/comments?post=2375"}],"version-history":[{"count":5,"href":"https:\/\/geckotours-lapalma.com\/es\/wp-json\/wp\/v2\/pages\/2375\/revisions"}],"predecessor-version":[{"id":3092,"href":"https:\/\/geckotours-lapalma.com\/es\/wp-json\/wp\/v2\/pages\/2375\/revisions\/3092"}],"wp:attachment":[{"href":"https:\/\/geckotours-lapalma.com\/es\/wp-json\/wp\/v2\/media?parent=2375"}],"curies":[{"name":"wp","href":"https:\/\/api.w.org\/{rel}","templated":true}]}}