{"id":208,"date":"2018-01-26T09:34:54","date_gmt":"2018-01-26T09:34:54","guid":{"rendered":"https:\/\/geckotours-lapalma.com\/?page_id=208"},"modified":"2026-02-02T09:26:22","modified_gmt":"2026-02-02T09:26:22","slug":"contacto","status":"publish","type":"page","link":"https:\/\/geckotours-lapalma.com\/es\/contacto\/","title":{"rendered":"Contacto"},"content":{"rendered":"\n<div class=\"wp-block-uagb-container uagb-block-9a79d0d1 alignfull uagb-is-root-container\"><div class=\"uagb-container-inner-blocks-wrap\">\n<div class=\"wp-block-uagb-container uagb-block-8a98f016\">\n<h1>Contacto Gecko Tours La Palma<\/h1>\n<p>\u00bfTienes preguntas o quieres reservar un tour? Entonces ponte en contacto con nosotros mediante los datos que se indican a continuaci\u00f3n. Reserva tus tours, actividades y experiencias en la isla. Estamos aqu\u00ed para ayudarte a vivir aventuras inolvidables.<\/p>\n\n        <div class=\"fb-form-tempate\">\n            <form enctype=\"multipart\/form-data\" method=\"post\" class=\"formbuilder-form fb-form-custom-style\" id=\"fb-form-id-s4c2ht\" novalidate>\n                \n<div class=\"fb-form-preview\" id=\"fb-container-5\">\n        <div class=\"fb-container\">\n        <input type=\"hidden\" name=\"formbuilder_action\" value=\"create\" \/>\n        <input type=\"hidden\" name=\"form_id\" value=\"5\" \/>\n        <input type=\"hidden\" name=\"form_key\" value=\"s4c2ht\" \/>\n        <input type=\"hidden\" class=\"formbuilder-form-conditions\" value=\"[]\" \/>\n        <input type=\"hidden\" id=\"formbuilder_submit_entry_5\" name=\"formbuilder_submit_entry_5\" value=\"9a81d7aeb2\" \/><input type=\"hidden\" name=\"_wp_http_referer\" value=\"\/es\/wp-json\/wp\/v2\/pages\/208\" \/>        <div id=\"fb-field-container-28\" class=\"fb-form-field-required formbuilder-field-type-name fb-label-position-top fb-label-alignment-left fb-grid-12 fb-form-field\">\n            \n        <div class=\"fb-field-container\" style=\"\">\n                            <label class=\"fb-field-label \">\n                    Nombre                                            <span class=\"fb-field-required\" aria-hidden=\"true\">\n                            *                        <\/span>\n                                    <\/label>\n                        <div class=\"fb-field-content\">\n                \n        <div class=\"fb-grouped-field\" id=\"fb-grouped-field-28\" data-name-layout=\"full\">\n            \n                <div id=\"fb-subfield-container-full-28\" class=\"fb-subfield-element fb-subfield-element-full\" data-sub-field-name=\"full\">\n                    <input type=\"text\" id=\"fb-field-35p1zu-full\" value=\"\" name=\"item_meta[28][full]\" placeholder=\"\">\n                                        <label class=\"fb-hidden\" for=\"fb-field-35p1zu-full\">Nombre<\/label>\n                <\/div>\n                        <\/div>\n                    <\/div>\n        <\/div>\n                <\/div>\n                <div id=\"fb-field-container-29\" class=\"fb-form-field-required formbuilder-field-type-email fb-label-position-top fb-label-alignment-left fb-grid-6 fb-form-field\">\n            \n        <div class=\"fb-field-container\" style=\"\">\n                            <label class=\"fb-field-label \" for=fb-field-7gfw9j>\n                    Email                                            <span class=\"fb-field-required\" aria-hidden=\"true\">\n                            *                        <\/span>\n                                    <\/label>\n                        <div class=\"fb-field-content\">\n                        <input type=\"email\" id=\"fb-field-7gfw9j\" value=\"\" name=\"item_meta[29]\" \/>\n                    <\/div>\n        <\/div>\n                <\/div>\n                <div id=\"fb-field-container-33\" class=\"fb-form-field-required formbuilder-field-type-phone fb-label-position-top fb-label-alignment-left fb-grid-6 fb-form-field\">\n            \n        <div class=\"fb-field-container\" style=\"\">\n                            <label class=\"fb-field-label \" for=fb-field-dgjpev>\n                    Tel\u00e9fono (incluido el c\u00f3digo del pa\u00eds +XX)                                            <span class=\"fb-field-required\" aria-hidden=\"true\">\n                            *                        <\/span>\n                                    <\/label>\n                        <div class=\"fb-field-content\">\n                        <input type=\"text\" id=\"fb-field-dgjpev\" value=\"\" name=\"item_meta[33]\" maxlength=\"\" \/>\n                    <\/div>\n        <\/div>\n                <\/div>\n                <div id=\"fb-field-container-30\" class=\"fb-form-field-required formbuilder-field-type-textarea fb-label-position-top fb-label-alignment-left fb-form-field\">\n            \n        <div class=\"fb-field-container\" style=\"\">\n                            <label class=\"fb-field-label \" for=fb-field-0jir0h>\n                    \u00bfCu\u00e1l es tu pregunta?                                            <span class=\"fb-field-required\" aria-hidden=\"true\">\n                            *                        <\/span>\n                                    <\/label>\n                        <div class=\"fb-field-content\">\n                        <textarea id=\"fb-field-0jir0h\" name=\"item_meta[30]\" rows=\"10\"><\/textarea>\n                    <\/div>\n        <\/div>\n                <\/div>\n                <div id=\"fb-field-container-32\" class=\"formbuilder-field-type-turnstile fb-label-position-top fb-label-alignment-left fb-form-field\">\n            \n        <div class=\"fb-field-container\" style=\"\">\n                            <label class=\"fb-field-label fb-hidden\">\n                    Turnstile                                    <\/label>\n                        <div class=\"fb-field-content\">\n                \t\t<div id=\"cf-turnstile-1349781497\"\n\t\tclass=\"cf-turnstile form-builder\" \n\t\t\t\tdata-sitekey=\"0x4AAAAAABBINUozuZQpJcOt\"\n\t\tdata-theme=\"light\"\n\t\tdata-language=\"auto\"\n\t\tdata-size=\"normal\"\n\t\tdata-retry=\"auto\" \n\t\tdata-retry-interval=\"1000\" \n\t\tdata-action=\"form-builder-form\"\n\t\tdata-appearance=\"always\"><\/div>\n\t\t\t\t<script>document.addEventListener(\"DOMContentLoaded\", function() { setTimeout(function(){ var e=document.getElementById(\"cf-turnstile-1349781497\"); e&&!e.innerHTML.trim()&&(turnstile.remove(\"#cf-turnstile-1349781497\"), turnstile.render(\"#cf-turnstile-1349781497\", {sitekey:\"0x4AAAAAABBINUozuZQpJcOt\"})); }, 0); });<\/script>\n\t\t\t\t<br class=\"cf-turnstile-br cf-turnstile-br-1349781497\">\n\t\t            <\/div>\n        <\/div>\n                <\/div>\n                <div id=\"fb-field-container-31\" class=\"fb-form-field-required formbuilder-field-type-checkbox fb-label-position-top fb-label-alignment-left fb-options-layout-inline fb-form-field\">\n            \n        <div class=\"fb-field-container\" style=\"\">\n                            <label class=\"fb-field-label fb-hidden\" for=fb-field-byrt4e>\n                    Permiso                                            <span class=\"fb-field-required\" aria-hidden=\"true\">\n                            *                        <\/span>\n                                    <\/label>\n                        <div class=\"fb-field-content\">\n                        <div class=\"fb-choice-container\">\n                            <div class=\"fb-choice fb-checkbox\">\n                    <label for=\"fb-field-byrt4e-0\">\n                        <input type=\"checkbox\" id=\"fb-field-byrt4e-0\" name=\"item_meta[31][]\" value=\"Autorizo a Gecko Tours La Palma a utilizar esta informaci\u00f3n para responder a mi solicitud. La informaci\u00f3n no se compartir\u00e1 con terceros; consulte nuestra pol\u00edtica de privacidad.\"  \/>\n                        Autorizo a Gecko Tours La Palma a utilizar esta informaci\u00f3n para responder a mi solicitud. La informaci\u00f3n no se compartir\u00e1 con terceros; consulte nuestra pol\u00edtica de privacidad.                    <\/label>\n                <\/div>\n                        <\/div>\n                    <\/div>\n        <\/div>\n                <\/div>\n                <div class=\"fb-submit-wrap fb-submit-btn-align-left\">\n            <button id=\"fb-submit-button\" class=\"fb-submit-button \" type=\"submit\" >Enviar<\/button>\n        <\/div>\n    <\/div>\n    <style class=\"fb-style-content\">#fb-container-5{--fb-desc-typo-font-family : inherit;--fb-desc-typo-font-weight : inherit;--fb-desc-typo-font-style : inherit;--fb-desc-typo-text-transform : inherit;--fb-desc-typo-text-decoration : inherit;--fb-label-typo-font-family : inherit;--fb-label-typo-font-weight : inherit;--fb-label-typo-font-style : inherit;--fb-label-typo-text-transform : inherit;--fb-label-typo-text-decoration : inherit;--fb-validation-typo-font-family : inherit;--fb-validation-typo-font-weight : inherit;--fb-validation-typo-font-style : inherit;--fb-validation-typo-text-transform : inherit;--fb-validation-typo-text-decoration : inherit;--fb-validation-textalign : left;--fb-form-title-typo-font-family : inherit;--fb-form-title-typo-font-weight : inherit;--fb-form-title-typo-font-style : inherit;--fb-form-title-typo-text-transform : inherit;--fb-form-title-typo-text-decoration : inherit;--fb-form-desc-typo-font-family : inherit;--fb-form-desc-typo-font-weight : inherit;--fb-form-desc-typo-font-style : inherit;--fb-form-desc-typo-text-transform : inherit;--fb-form-desc-typo-text-decoration : inherit;--fb-heading-typo-font-family : inherit;--fb-heading-typo-font-weight : inherit;--fb-heading-typo-font-style : inherit;--fb-heading-typo-text-transform : inherit;--fb-heading-typo-text-decoration : inherit;--fb-paragraph-typo-font-family : inherit;--fb-paragraph-typo-font-weight : inherit;--fb-paragraph-typo-font-style : inherit;--fb-paragraph-typo-text-transform : inherit;--fb-paragraph-typo-text-decoration : inherit;--fb-field-typo-font-family : inherit;--fb-field-typo-font-weight : inherit;--fb-field-typo-font-style : inherit;--fb-field-typo-text-transform : inherit;--fb-field-typo-text-decoration : inherit;--fb-button-typo-font-family : inherit;--fb-button-typo-font-weight : inherit;--fb-button-typo-font-style : inherit;--fb-button-typo-text-transform : inherit;--fb-button-typo-text-decoration : inherit;--fb-button-typo-font-size : 18px;--fb-button-color-normal : #ffffff;--fb-button-bg-color-normal : #38a935;--fb-button-color-hover : #ffffff;--fb-button-bg-color-hover : #2a9128;--fb-button-border-radius-top : 4px;--fb-button-border-radius-right : 4px;--fb-button-border-radius-bottom : 4px;--fb-button-border-radius-left : 4px;--fb-typo-label-font-family : Default;--fb-typo-label-font-weight : 0;--fb-typo-label-font-style : normal;--fb-typo-label-text-transform : inherit;--fb-typo-label-text-decoration : inherit;--fb-typo-desc-font-family : Default;--fb-typo-desc-font-weight : 0;--fb-typo-desc-font-style : normal;--fb-typo-desc-text-transform : inherit;--fb-typo-desc-text-decoration : inherit;--fb-typo-validation-font-family : Default;--fb-typo-validation-font-weight : 0;--fb-typo-validation-font-style : normal;--fb-typo-validation-text-transform : inherit;--fb-typo-validation-text-decoration : inherit;--fb-typo-field-font-family : Default;--fb-typo-field-font-weight : 0;--fb-typo-field-font-style : normal;--fb-typo-field-text-transform : inherit;--fb-typo-field-text-decoration : inherit;--fb-typo-button-font-family : Default;--fb-typo-button-font-weight : 0;--fb-typo-button-font-style : normal;--fb-typo-button-text-transform : inherit;--fb-typo-button-text-decoration : inherit;}<\/style><\/div>            <\/form>\n        <\/div>\n        \n<\/div>\n\n\n\n<div class=\"wp-block-uagb-container uagb-block-cc1ecef7\">\n<h4>Gecko Tours La Palma<\/h4>\n<p>Calle Echedey 32B<br \/>38750 El Paso<br \/>La Palma<br \/>Espa\u00f1a<\/p>\n<p><strong>T<\/strong>: <a class=\"cfgroup-hyperlink\" href=\"tel:0034619062728\" target=\"_blank\"><span class=\"text\">+34 619 06 27 28<\/span><\/a><br \/><strong>E<\/strong>: <a class=\"cfgroup-hyperlink\" href=\"mailto:info@geckotours-lapalma.com\" target=\"_blank\"><span class=\"text\">info@geckotours-lapalma.com<\/span><\/a><\/p>\n<\/div>\n<\/div><\/div>\n","protected":false},"excerpt":{"rendered":"<p>Contacto Gecko Tours La Palma \u00bfTienes preguntas o quieres reservar un tour? Entonces ponte en contacto con nosotros mediante los datos que se indican a continuaci\u00f3n. Reserva tus tours, actividades y experiencias en la isla. Estamos aqu\u00ed para ayudarte a vivir aventuras inolvidables. T: E:<\/p>\n","protected":false},"author":2,"featured_media":0,"parent":0,"menu_order":0,"comment_status":"closed","ping_status":"closed","template":"","meta":{"_uag_custom_page_level_css":"","site-sidebar-layout":"default","site-content-layout":"","ast-site-content-layout":"default","site-content-style":"default","site-sidebar-style":"default","ast-global-header-display":"","ast-banner-title-visibility":"","ast-main-header-display":"","ast-hfb-above-header-display":"","ast-hfb-below-header-display":"","ast-hfb-mobile-header-display":"","site-post-title":"disabled","ast-breadcrumbs-content":"","ast-featured-img":"","footer-sml-layout":"","ast-disable-related-posts":"","theme-transparent-header-meta":"","adv-header-id-meta":"","stick-header-meta":"","header-above-stick-meta":"","header-main-stick-meta":"","header-below-stick-meta":"","astra-migrate-meta-layouts":"set","ast-page-background-enabled":"default","ast-page-background-meta":{"desktop":{"background-color":"var(--ast-global-color-4)","background-image":"","background-repeat":"repeat","background-position":"center center","background-size":"auto","background-attachment":"scroll","background-type":"","background-media":"","overlay-type":"","overlay-color":"","overlay-opacity":"","overlay-gradient":""},"tablet":{"background-color":"","background-image":"","background-repeat":"repeat","background-position":"center center","background-size":"auto","background-attachment":"scroll","background-type":"","background-media":"","overlay-type":"","overlay-color":"","overlay-opacity":"","overlay-gradient":""},"mobile":{"background-color":"","background-image":"","background-repeat":"repeat","background-position":"center center","background-size":"auto","background-attachment":"scroll","background-type":"","background-media":"","overlay-type":"","overlay-color":"","overlay-opacity":"","overlay-gradient":""}},"ast-content-background-meta":{"desktop":{"background-color":"var(--ast-global-color-5)","background-image":"","background-repeat":"repeat","background-position":"center center","background-size":"auto","background-attachment":"scroll","background-type":"","background-media":"","overlay-type":"","overlay-color":"","overlay-opacity":"","overlay-gradient":""},"tablet":{"background-color":"var(--ast-global-color-5)","background-image":"","background-repeat":"repeat","background-position":"center center","background-size":"auto","background-attachment":"scroll","background-type":"","background-media":"","overlay-type":"","overlay-color":"","overlay-opacity":"","overlay-gradient":""},"mobile":{"background-color":"var(--ast-global-color-5)","background-image":"","background-repeat":"repeat","background-position":"center center","background-size":"auto","background-attachment":"scroll","background-type":"","background-media":"","overlay-type":"","overlay-color":"","overlay-opacity":"","overlay-gradient":""}},"footnotes":""},"class_list":["post-208","page","type-page","status-publish","hentry"],"spectra_custom_meta":{"_edit_lock":["1773151005:5"],"_edit_last":["5"],"_wp_page_template":[""],"_wpml_media_duplicate":["0"],"_wpml_media_featured":["0"],"_wpml_word_count":["51"],"_wpml_location_migration_done":["1"],"_yoast_wpseo_estimated-reading-time-minutes":["1"],"astra_style_timestamp_css":["1669626670"],"_yoast_wpseo_wordproof_timestamp":[""],"footnotes":[""],"_uag_custom_page_level_css":[""],"ast-site-content-layout":["default"],"site-post-title":["disabled"],"theme-transparent-header-meta":[""],"adv-header-id-meta":[""],"stick-header-meta":[""],"astra-migrate-meta-layouts":["set"],"_yoast_wpseo_content_score":["90"],"wp_statistics_words_count":["52"],"copied_media_ids":["a:0:{}"],"referenced_media_ids":["a:0:{}"],"_last_translation_edit_mode":["native-editor"],"rank_math_news_sitemap_robots":["index"],"rank_math_robots":["a:1:{i:0;s:5:\"index\";}"],"rank_math_seo_score":["60"],"rank_math_title":["Contacto Gecko Tours La Palma | Reserva tus experiencias"],"rank_math_description":["Contacto Gecko Tours La Palma para reservar tus tours, actividades y experiencias en la isla. Estamos aqu\u00ed para ayudarte a vivir aventuras."],"rank_math_focus_keyword":["contacto Gecko Tours La Palma"],"rank_math_internal_links_processed":["1"],"rank_math_analytic_object_id":["81"],"_uag_page_assets":["a:9:{s:3:\"css\";s:7757:\".wp-block-uagb-container.uagb-block-9a79d0d1 .uagb-container__shape-top svg{width: calc( 100% + 1.3px );}.wp-block-uagb-container.uagb-block-9a79d0d1 .uagb-container__shape.uagb-container__shape-top .uagb-container__shape-fill{fill: rgba(51,51,51,1);}.wp-block-uagb-container.uagb-block-9a79d0d1 .uagb-container__shape-bottom svg{width: calc( 100% + 1.3px );}.wp-block-uagb-container.uagb-block-9a79d0d1 .uagb-container__shape.uagb-container__shape-bottom .uagb-container__shape-fill{fill: rgba(51,51,51,1);}.wp-block-uagb-container.uagb-block-9a79d0d1 .uagb-container__video-wrap video{opacity: 1;}.wp-block-uagb-container.uagb-is-root-container .uagb-block-9a79d0d1{max-width: 100%;width: 100%;}.wp-block-uagb-container.uagb-is-root-container.alignfull.uagb-block-9a79d0d1 > .uagb-container-inner-blocks-wrap{--inner-content-custom-width: min( 100%, 1150px);max-width: var(--inner-content-custom-width);width: 100%;flex-direction: row;align-items: stretch;justify-content: flex-start;flex-wrap: nowrap;row-gap: 0px;column-gap: 40px;}.wp-block-uagb-container.uagb-block-9a79d0d1{box-shadow: 0px 0px   #00000070 ;padding-top: 0px;padding-bottom: 0px;padding-left: 0px;padding-right: 0px;margin-top:  !important;margin-bottom:  !important;overflow: visible;order: initial;border-color: inherit;row-gap: 0px;column-gap: 40px;}.wp-block-uagb-container.uagb-block-8a98f016 .uagb-container__shape-top svg{width: calc( 100% + 1.3px );}.wp-block-uagb-container.uagb-block-8a98f016 .uagb-container__shape.uagb-container__shape-top .uagb-container__shape-fill{fill: rgba(51,51,51,1);}.wp-block-uagb-container.uagb-block-8a98f016 .uagb-container__shape-bottom svg{width: calc( 100% + 1.3px );}.wp-block-uagb-container.uagb-block-8a98f016 .uagb-container__shape.uagb-container__shape-bottom .uagb-container__shape-fill{fill: rgba(51,51,51,1);}.wp-block-uagb-container.uagb-block-8a98f016 .uagb-container__video-wrap video{opacity: 1;}.wp-block-uagb-container.uagb-is-root-container .uagb-block-8a98f016{max-width: 70%;width: 100%;}.wp-block-uagb-container.uagb-is-root-container.alignfull.uagb-block-8a98f016 > .uagb-container-inner-blocks-wrap{--inner-content-custom-width: min( 100%, 1150px);max-width: var(--inner-content-custom-width);width: 100%;flex-direction: column;align-items: flex-start;justify-content: flex-start;flex-wrap: nowrap;row-gap: 0px;column-gap: 0px;}.wp-block-uagb-container.uagb-block-8a98f016{box-shadow: 0px 0px   #00000070 ;padding-top: 0px;padding-bottom: 0px;padding-left: 0px;padding-right: 0px;margin-top:  !important;margin-bottom:  !important;overflow: visible;order: initial;border-style: none;border-color: inherit;flex-direction: column;align-items: flex-start;justify-content: flex-start;flex-wrap: nowrap;row-gap: 0px;column-gap: 0px;}.wp-block-uagb-container.uagb-block-cc1ecef7 .uagb-container__shape-top svg{width: calc( 100% + 1.3px );}.wp-block-uagb-container.uagb-block-cc1ecef7 .uagb-container__shape.uagb-container__shape-top .uagb-container__shape-fill{fill: rgba(51,51,51,1);}.wp-block-uagb-container.uagb-block-cc1ecef7 .uagb-container__shape-bottom svg{width: calc( 100% + 1.3px );}.wp-block-uagb-container.uagb-block-cc1ecef7 .uagb-container__shape.uagb-container__shape-bottom .uagb-container__shape-fill{fill: rgba(51,51,51,1);}.wp-block-uagb-container.uagb-block-cc1ecef7 .uagb-container__video-wrap video{opacity: 1;}.wp-block-uagb-container.uagb-is-root-container .uagb-block-cc1ecef7{max-width: 30%;width: 100%;}.wp-block-uagb-container.uagb-is-root-container.alignfull.uagb-block-cc1ecef7 > .uagb-container-inner-blocks-wrap{--inner-content-custom-width: min( 100%, 1150px);max-width: var(--inner-content-custom-width);width: 100%;flex-direction: column;align-items: center;justify-content: flex-start;flex-wrap: nowrap;row-gap: 0px;column-gap: 0px;}.wp-block-uagb-container.uagb-block-cc1ecef7{box-shadow: 0px 18px 40px -10px #00000070 ;padding-top: 10px;padding-bottom: 10px;padding-left: 10px;padding-right: 10px;margin-top: 30px !important;margin-bottom: 0px !important;margin-left: 0px;margin-right: 0px;overflow: visible;order: initial;border-top-left-radius: 10px;border-top-right-radius: 10px;border-bottom-left-radius: 10px;border-bottom-right-radius: 10px;border-color: inherit;background-color: #e1f8e0;;flex-direction: column;align-items: center;justify-content: flex-start;flex-wrap: nowrap;row-gap: 0px;column-gap: 0px;}@media only screen and (max-width: 976px) {.wp-block-uagb-container.uagb-is-root-container .uagb-block-9a79d0d1{width: 100%;}.wp-block-uagb-container.uagb-is-root-container.alignfull.uagb-block-9a79d0d1 > .uagb-container-inner-blocks-wrap{--inner-content-custom-width: min( 100%, 1024px);max-width: var(--inner-content-custom-width);width: 100%;align-items: stretch;}.wp-block-uagb-container.uagb-block-9a79d0d1{padding-top: 0px;padding-bottom: 0px;padding-left: 0px;padding-right: 0px;margin-top:  !important;margin-bottom:  !important;order: initial;}.wp-block-uagb-container.uagb-is-root-container .uagb-block-8a98f016{width: 100%;}.wp-block-uagb-container.uagb-is-root-container.alignfull.uagb-block-8a98f016 > .uagb-container-inner-blocks-wrap{--inner-content-custom-width: min( 100%, 1024px);max-width: var(--inner-content-custom-width);width: 100%;}.wp-block-uagb-container.uagb-block-8a98f016{padding-top: 0px;padding-bottom: 0px;padding-left: 0px;padding-right: 0px;margin-top:  !important;margin-bottom:  !important;order: initial;border-style: none;}.wp-block-uagb-container.uagb-is-root-container .uagb-block-cc1ecef7{width: 100%;}.wp-block-uagb-container.uagb-is-root-container.alignfull.uagb-block-cc1ecef7 > .uagb-container-inner-blocks-wrap{--inner-content-custom-width: min( 100%, 1024px);max-width: var(--inner-content-custom-width);width: 100%;}.wp-block-uagb-container.uagb-block-cc1ecef7{padding-top: 10px;padding-bottom: 10px;padding-left: 10px;padding-right: 10px;margin-top: 30px !important;margin-bottom: 0px !important;margin-left: 0px;margin-right: 0px;order: initial;background-color: #e1f8e0;;}}@media only screen and (max-width: 767px) {.wp-block-uagb-container.uagb-is-root-container .uagb-block-9a79d0d1{max-width: 100%;width: 100%;}.wp-block-uagb-container.uagb-is-root-container.alignfull.uagb-block-9a79d0d1 > .uagb-container-inner-blocks-wrap{--inner-content-custom-width: min( 100%, 767px);max-width: var(--inner-content-custom-width);width: 100%;align-items: stretch;flex-wrap: wrap;}.wp-block-uagb-container.uagb-block-9a79d0d1{padding-top: 0px;padding-bottom: 0px;padding-left: 10px;padding-right: 10px;margin-top:  !important;margin-bottom:  !important;order: initial;}.wp-block-uagb-container.uagb-is-root-container .uagb-block-8a98f016{max-width: 100%;width: 100%;}.wp-block-uagb-container.uagb-is-root-container.alignfull.uagb-block-8a98f016 > .uagb-container-inner-blocks-wrap{--inner-content-custom-width: min( 100%, 767px);max-width: var(--inner-content-custom-width);width: 100%;flex-wrap: wrap;}.wp-block-uagb-container.uagb-block-8a98f016{padding-top: 0px;padding-bottom: 0px;padding-left: 0px;padding-right: 0px;margin-top:  !important;margin-bottom:  !important;order: initial;border-style: none;flex-wrap: wrap;}.wp-block-uagb-container.uagb-is-root-container .uagb-block-cc1ecef7{max-width: 100%;width: 100%;}.wp-block-uagb-container.uagb-is-root-container.alignfull.uagb-block-cc1ecef7 > .uagb-container-inner-blocks-wrap{--inner-content-custom-width: min( 100%, 767px);max-width: var(--inner-content-custom-width);width: 100%;flex-wrap: wrap;}.wp-block-uagb-container.uagb-block-cc1ecef7{padding-top: 10px;padding-bottom: 10px;padding-left: 10px;padding-right: 10px;margin-top: 30px !important;margin-bottom: 0px !important;margin-left: 0px;margin-right: 0px;order: initial;background-color: #e1f8e0;;flex-wrap: wrap;}}\";s:2:\"js\";s:0:\"\";s:18:\"current_block_list\";a:2:{i:0;s:14:\"uagb\/container\";i:2;s:13:\"core\/freeform\";}s:8:\"uag_flag\";b:1;s:11:\"uag_version\";s:10:\"1776318610\";s:6:\"gfonts\";a:0:{}s:10:\"gfonts_url\";s:0:\"\";s:12:\"gfonts_files\";a:0:{}s:14:\"uag_faq_layout\";b:0;}"]},"uagb_featured_image_src":{"full":false,"thumbnail":false,"medium":false,"medium_large":false,"large":false,"1536x1536":false,"2048x2048":false},"uagb_author_info":{"display_name":"itlapalma","author_link":"https:\/\/geckotours-lapalma.com\/es\/author\/itlapalma\/"},"uagb_comment_info":0,"uagb_excerpt":"Contacto Gecko Tours La Palma \u00bfTienes preguntas o quieres reservar un tour? Entonces ponte en contacto con nosotros mediante los datos que se indican a continuaci\u00f3n. Reserva tus tours, actividades y experiencias en la isla. Estamos aqu\u00ed para ayudarte a vivir aventuras inolvidables. T: E:","ase":null,"_links":{"self":[{"href":"https:\/\/geckotours-lapalma.com\/es\/wp-json\/wp\/v2\/pages\/208","targetHints":{"allow":["GET"]}}],"collection":[{"href":"https:\/\/geckotours-lapalma.com\/es\/wp-json\/wp\/v2\/pages"}],"about":[{"href":"https:\/\/geckotours-lapalma.com\/es\/wp-json\/wp\/v2\/types\/page"}],"author":[{"embeddable":true,"href":"https:\/\/geckotours-lapalma.com\/es\/wp-json\/wp\/v2\/users\/2"}],"replies":[{"embeddable":true,"href":"https:\/\/geckotours-lapalma.com\/es\/wp-json\/wp\/v2\/comments?post=208"}],"version-history":[{"count":5,"href":"https:\/\/geckotours-lapalma.com\/es\/wp-json\/wp\/v2\/pages\/208\/revisions"}],"predecessor-version":[{"id":2662,"href":"https:\/\/geckotours-lapalma.com\/es\/wp-json\/wp\/v2\/pages\/208\/revisions\/2662"}],"wp:attachment":[{"href":"https:\/\/geckotours-lapalma.com\/es\/wp-json\/wp\/v2\/media?parent=208"}],"curies":[{"name":"wp","href":"https:\/\/api.w.org\/{rel}","templated":true}]}}